
{"id":20798,"date":"2024-02-16T20:47:29","date_gmt":"2024-02-16T20:47:29","guid":{"rendered":"https:\/\/royalhomealanya.com\/?page_id=20798"},"modified":"2024-12-23T13:39:27","modified_gmt":"2024-12-23T13:39:27","slug":"betaler-du-kun-4-saler","status":"publish","type":"page","link":"https:\/\/royalhomealanya.com\/en\/about\/betaler-du-kun-4-saler\/","title":{"rendered":"JUST 4% COMMISSION RATE"},"content":{"rendered":"<div data-elementor-type=\"wp-page\" data-elementor-id=\"20798\" class=\"elementor elementor-20798\" data-elementor-post-type=\"page\">\n\t\t\t\t\t\t<section class=\"elementor-section elementor-top-section elementor-element elementor-element-587b789 elementor-section-boxed elementor-section-height-default elementor-section-height-default\" data-id=\"587b789\" data-element_type=\"section\" data-settings=\"{&quot;background_background&quot;:&quot;classic&quot;,&quot;shape_divider_bottom&quot;:&quot;curve&quot;,&quot;shape_divider_bottom_negative&quot;:&quot;yes&quot;}\">\n\t\t\t\t\t\t\t<div class=\"elementor-background-overlay\"><\/div>\n\t\t\t\t\t\t<div class=\"elementor-shape elementor-shape-bottom\" aria-hidden=\"true\" data-negative=\"true\">\n\t\t\t<svg xmlns=\"http:\/\/www.w3.org\/2000\/svg\" viewbox=\"0 0 1000 100\" preserveaspectratio=\"none\">\n\t<path class=\"elementor-shape-fill\" d=\"M500,97C126.7,96.3,0.8,19.8,0,0v100l1000,0V1C1000,19.4,873.3,97.8,500,97z\"\/>\n<\/svg>\t\t<\/div>\n\t\t\t\t\t<div class=\"elementor-container elementor-column-gap-default\">\n\t\t\t\t\t<div class=\"elementor-column elementor-col-100 elementor-top-column elementor-element elementor-element-666e22b\" data-id=\"666e22b\" data-element_type=\"column\">\n\t\t\t<div class=\"elementor-widget-wrap elementor-element-populated\">\n\t\t\t\t\t\t<div class=\"elementor-element elementor-element-2808851 elementor-widget elementor-widget-heading\" data-id=\"2808851\" data-element_type=\"widget\" data-widget_type=\"heading.default\">\n\t\t\t\t<div class=\"elementor-widget-container\">\n\t\t\t\t\t<h1 class=\"elementor-heading-title elementor-size-default\">JUST 4% COMMISSION RATE<\/h1>\t\t\t\t<\/div>\n\t\t\t\t<\/div>\n\t\t\t\t\t<\/div>\n\t\t<\/div>\n\t\t\t\t\t<\/div>\n\t\t<\/section>\n\t\t\t\t<section class=\"elementor-section elementor-top-section elementor-element elementor-element-72571af elementor-section-boxed elementor-section-height-default elementor-section-height-default\" data-id=\"72571af\" data-element_type=\"section\" data-settings=\"{&quot;background_background&quot;:&quot;classic&quot;}\">\n\t\t\t\t\t\t<div class=\"elementor-container elementor-column-gap-default\">\n\t\t\t\t\t<div class=\"elementor-column elementor-col-100 elementor-top-column elementor-element elementor-element-839efe0\" data-id=\"839efe0\" data-element_type=\"column\" data-settings=\"{&quot;background_background&quot;:&quot;classic&quot;}\">\n\t\t\t<div class=\"elementor-widget-wrap elementor-element-populated\">\n\t\t\t\t\t\t<section class=\"elementor-section elementor-inner-section elementor-element elementor-element-2e0f9d5 elementor-section-boxed elementor-section-height-default elementor-section-height-default\" data-id=\"2e0f9d5\" data-element_type=\"section\">\n\t\t\t\t\t\t<div class=\"elementor-container elementor-column-gap-default\">\n\t\t\t\t\t<div class=\"elementor-column elementor-col-50 elementor-inner-column elementor-element elementor-element-754d276\" data-id=\"754d276\" data-element_type=\"column\">\n\t\t\t<div class=\"elementor-widget-wrap elementor-element-populated\">\n\t\t\t\t\t\t<div class=\"elementor-element elementor-element-aee3d5b elementor-widget elementor-widget-image\" data-id=\"aee3d5b\" data-element_type=\"widget\" data-widget_type=\"image.default\">\n\t\t\t\t<div class=\"elementor-widget-container\">\n\t\t\t\t\t\t\t\t\t\t\t\t\t\t\t<img fetchpriority=\"high\" decoding=\"async\" width=\"768\" height=\"698\" src=\"https:\/\/royalhomealanya.com\/wp-content\/uploads\/2024\/02\/home-image-4.jpg\" class=\"attachment-large size-large wp-image-20445\" alt=\"\" srcset=\"https:\/\/royalhomealanya.com\/wp-content\/uploads\/2024\/02\/home-image-4.jpg 768w, https:\/\/royalhomealanya.com\/wp-content\/uploads\/2024\/02\/home-image-4-300x273.jpg 300w, https:\/\/royalhomealanya.com\/wp-content\/uploads\/2024\/02\/home-image-4-13x12.jpg 13w, https:\/\/royalhomealanya.com\/wp-content\/uploads\/2024\/02\/home-image-4-660x600.jpg 660w, https:\/\/royalhomealanya.com\/wp-content\/uploads\/2024\/02\/home-image-4-496x451.jpg 496w\" sizes=\"(max-width: 768px) 100vw, 768px\" \/>\t\t\t\t\t\t\t\t\t\t\t\t\t\t\t<\/div>\n\t\t\t\t<\/div>\n\t\t\t\t\t<\/div>\n\t\t<\/div>\n\t\t\t\t<div class=\"elementor-column elementor-col-50 elementor-inner-column elementor-element elementor-element-134fa1d\" data-id=\"134fa1d\" data-element_type=\"column\">\n\t\t\t<div class=\"elementor-widget-wrap elementor-element-populated\">\n\t\t\t\t\t\t<div class=\"elementor-element elementor-element-532adf6 elementor-widget elementor-widget-text-editor\" data-id=\"532adf6\" data-element_type=\"widget\" data-widget_type=\"text-editor.default\">\n\t\t\t\t<div class=\"elementor-widget-container\">\n\t\t\t\t\t\t\t\t\t<div class=\"o-moduleAccordion__header\"><div class=\"x11i5rnm xat24cr x1mh8g0r x1vvkbs xtlvy1s x126k92a\"><div dir=\"auto\">\u00a0<\/div><\/div><p><strong>Sold or Free \u2013 Our unique sales model<\/strong><\/p><p>At RHA, we work on the \u201cSold or Free\u201d concept. This means that we only charge when your home is sold. Photographing the property, preparing sales materials and marketing are offered completely free of charge.<\/p><p>Start with a free and non-binding sales appraisal at RHA, where you will get a clear picture of the value of your home in the current positive market.<\/p><p>We offer you Sold or Free when you sell your home. Our commission on purchases and sales is only 4% of the sales price, which means that the less you pay in commission, the greater your profit.<\/p><p>Contact RHA today and let us help you with your home sale!<\/p><p><button class=\"m-button m-button--icon o-moduleAccordion__icon\" type=\"button\" aria-label=\"Open\/close accordion\">\u00a0<\/button><\/p><\/div><div class=\"o-moduleAccordion__contentWrapper\"><div class=\"o-content o-moduleAccordion__body\">\u00a0<\/div><\/div>\t\t\t\t\t\t\t\t<\/div>\n\t\t\t\t<\/div>\n\t\t\t\t\t<\/div>\n\t\t<\/div>\n\t\t\t\t\t<\/div>\n\t\t<\/section>\n\t\t\t\t\t<\/div>\n\t\t<\/div>\n\t\t\t\t\t<\/div>\n\t\t<\/section>\n\t\t\t\t<\/div>","protected":false},"excerpt":{"rendered":"<p>\u00a0 Solgt eller Gratis \u2013 Vores unikke salgsmodel Hos RHA arbejder vi ud fra konceptet \u201cSolgt eller Gratis\u201d. Det betyder, at vi kun opkr\u00e6ver betaling, n\u00e5r din bolig er solgt. Fotografering af ejendommen, udarbejdelse af salgsmateriale og markedsf\u00f8ring tilbydes helt gratis. Start med en gratis og uforpligtende salgsvurdering hos RHA, hvor du f\u00e5r et klart [&hellip;]<\/p>","protected":false},"author":1,"featured_media":0,"parent":16650,"menu_order":0,"comment_status":"closed","ping_status":"closed","template":"elementor_header_footer","meta":{"footnotes":""},"class_list":["post-20798","page","type-page","status-publish","hentry"],"_links":{"self":[{"href":"https:\/\/royalhomealanya.com\/en\/wp-json\/wp\/v2\/pages\/20798","targetHints":{"allow":["GET"]}}],"collection":[{"href":"https:\/\/royalhomealanya.com\/en\/wp-json\/wp\/v2\/pages"}],"about":[{"href":"https:\/\/royalhomealanya.com\/en\/wp-json\/wp\/v2\/types\/page"}],"author":[{"embeddable":true,"href":"https:\/\/royalhomealanya.com\/en\/wp-json\/wp\/v2\/users\/1"}],"replies":[{"embeddable":true,"href":"https:\/\/royalhomealanya.com\/en\/wp-json\/wp\/v2\/comments?post=20798"}],"version-history":[{"count":13,"href":"https:\/\/royalhomealanya.com\/en\/wp-json\/wp\/v2\/pages\/20798\/revisions"}],"predecessor-version":[{"id":22086,"href":"https:\/\/royalhomealanya.com\/en\/wp-json\/wp\/v2\/pages\/20798\/revisions\/22086"}],"up":[{"embeddable":true,"href":"https:\/\/royalhomealanya.com\/en\/wp-json\/wp\/v2\/pages\/16650"}],"wp:attachment":[{"href":"https:\/\/royalhomealanya.com\/en\/wp-json\/wp\/v2\/media?parent=20798"}],"curies":[{"name":"wp","href":"https:\/\/api.w.org\/{rel}","templated":true}]}}