
{"id":20645,"date":"2024-02-15T19:16:54","date_gmt":"2024-02-15T19:16:54","guid":{"rendered":"https:\/\/royalhomealanya.com\/?page_id=20645"},"modified":"2024-12-23T12:59:55","modified_gmt":"2024-12-23T12:59:55","slug":"sadan-saelger-du-din-bolig","status":"publish","type":"page","link":"https:\/\/royalhomealanya.com\/en\/about\/sadan-saelger-du-din-bolig\/","title":{"rendered":"PROPERTY SELLING PROCESS"},"content":{"rendered":"<div data-elementor-type=\"wp-page\" data-elementor-id=\"20645\" class=\"elementor elementor-20645\" data-elementor-post-type=\"page\">\n\t\t\t\t\t\t<section class=\"elementor-section elementor-top-section elementor-element elementor-element-587b789 elementor-section-boxed elementor-section-height-default elementor-section-height-default\" data-id=\"587b789\" data-element_type=\"section\" data-settings=\"{&quot;background_background&quot;:&quot;classic&quot;,&quot;shape_divider_bottom&quot;:&quot;curve&quot;,&quot;shape_divider_bottom_negative&quot;:&quot;yes&quot;}\">\n\t\t\t\t\t\t\t<div class=\"elementor-background-overlay\"><\/div>\n\t\t\t\t\t\t<div class=\"elementor-shape elementor-shape-bottom\" aria-hidden=\"true\" data-negative=\"true\">\n\t\t\t<svg xmlns=\"http:\/\/www.w3.org\/2000\/svg\" viewbox=\"0 0 1000 100\" preserveaspectratio=\"none\">\n\t<path class=\"elementor-shape-fill\" d=\"M500,97C126.7,96.3,0.8,19.8,0,0v100l1000,0V1C1000,19.4,873.3,97.8,500,97z\"\/>\n<\/svg>\t\t<\/div>\n\t\t\t\t\t<div class=\"elementor-container elementor-column-gap-default\">\n\t\t\t\t\t<div class=\"elementor-column elementor-col-100 elementor-top-column elementor-element elementor-element-666e22b\" data-id=\"666e22b\" data-element_type=\"column\">\n\t\t\t<div class=\"elementor-widget-wrap elementor-element-populated\">\n\t\t\t\t\t\t<div class=\"elementor-element elementor-element-2808851 elementor-widget elementor-widget-heading\" data-id=\"2808851\" data-element_type=\"widget\" data-widget_type=\"heading.default\">\n\t\t\t\t<div class=\"elementor-widget-container\">\n\t\t\t\t\t<h1 class=\"elementor-heading-title elementor-size-default\">PROPERTY SELLING PROCESS<\/h1>\t\t\t\t<\/div>\n\t\t\t\t<\/div>\n\t\t\t\t\t<\/div>\n\t\t<\/div>\n\t\t\t\t\t<\/div>\n\t\t<\/section>\n\t\t\t\t<section class=\"elementor-section elementor-top-section elementor-element elementor-element-72571af elementor-section-boxed elementor-section-height-default elementor-section-height-default\" data-id=\"72571af\" data-element_type=\"section\" data-settings=\"{&quot;background_background&quot;:&quot;classic&quot;}\">\n\t\t\t\t\t\t<div class=\"elementor-container elementor-column-gap-default\">\n\t\t\t\t\t<div class=\"elementor-column elementor-col-100 elementor-top-column elementor-element elementor-element-839efe0\" data-id=\"839efe0\" data-element_type=\"column\" data-settings=\"{&quot;background_background&quot;:&quot;classic&quot;}\">\n\t\t\t<div class=\"elementor-widget-wrap elementor-element-populated\">\n\t\t\t\t\t\t<section class=\"elementor-section elementor-inner-section elementor-element elementor-element-2e0f9d5 elementor-section-boxed elementor-section-height-default elementor-section-height-default\" data-id=\"2e0f9d5\" data-element_type=\"section\">\n\t\t\t\t\t\t<div class=\"elementor-container elementor-column-gap-default\">\n\t\t\t\t\t<div class=\"elementor-column elementor-col-50 elementor-inner-column elementor-element elementor-element-754d276\" data-id=\"754d276\" data-element_type=\"column\">\n\t\t\t<div class=\"elementor-widget-wrap elementor-element-populated\">\n\t\t\t\t\t\t<div class=\"elementor-element elementor-element-aee3d5b elementor-widget elementor-widget-image\" data-id=\"aee3d5b\" data-element_type=\"widget\" data-widget_type=\"image.default\">\n\t\t\t\t<div class=\"elementor-widget-container\">\n\t\t\t\t\t\t\t\t\t\t\t\t\t\t\t<img fetchpriority=\"high\" decoding=\"async\" width=\"768\" height=\"698\" src=\"https:\/\/royalhomealanya.com\/wp-content\/uploads\/2023\/12\/happy-couple-buying-their-new-home-receiving-keys-from-real-estate-agent.jpg\" class=\"attachment-large size-large wp-image-19676\" alt=\"\" srcset=\"https:\/\/royalhomealanya.com\/wp-content\/uploads\/2023\/12\/happy-couple-buying-their-new-home-receiving-keys-from-real-estate-agent.jpg 768w, https:\/\/royalhomealanya.com\/wp-content\/uploads\/2023\/12\/happy-couple-buying-their-new-home-receiving-keys-from-real-estate-agent-300x273.jpg 300w, https:\/\/royalhomealanya.com\/wp-content\/uploads\/2023\/12\/happy-couple-buying-their-new-home-receiving-keys-from-real-estate-agent-660x600.jpg 660w, https:\/\/royalhomealanya.com\/wp-content\/uploads\/2023\/12\/happy-couple-buying-their-new-home-receiving-keys-from-real-estate-agent-496x451.jpg 496w\" sizes=\"(max-width: 768px) 100vw, 768px\" \/>\t\t\t\t\t\t\t\t\t\t\t\t\t\t\t<\/div>\n\t\t\t\t<\/div>\n\t\t\t\t\t<\/div>\n\t\t<\/div>\n\t\t\t\t<div class=\"elementor-column elementor-col-50 elementor-inner-column elementor-element elementor-element-134fa1d\" data-id=\"134fa1d\" data-element_type=\"column\">\n\t\t\t<div class=\"elementor-widget-wrap elementor-element-populated\">\n\t\t\t\t\t\t<div class=\"elementor-element elementor-element-532adf6 elementor-widget elementor-widget-text-editor\" data-id=\"532adf6\" data-element_type=\"widget\" data-widget_type=\"text-editor.default\">\n\t\t\t\t<div class=\"elementor-widget-container\">\n\t\t\t\t\t\t\t\t\t<p><strong>How to sell your home with RHA Real Estate<\/strong><\/p><p>Selling your home is a big decision, and at RHA Real Estate we do our utmost to ensure that the sales process is safe, efficient and successful. Here&#039;s how we can help you:<\/p><p><br \/>1. Non-binding sales assessment:<br \/>Get a free, no-obligation valuation of your home. We&#039;ll help you understand its value and advise you on the next steps.<\/p><p><br \/>2. A safe sales experience:<br \/>We are committed to making the sale of your home a positive experience. We are with you every step of the way, from the decision to sell to the closing of the deal.<\/p><p><br \/>3. Complete support throughout the process:<br \/>From the moment you decide to put your home up for sale, we follow you closely and make sure everything runs smoothly \u2013 right up until you hold the keys to your new home.<\/p><p><br \/>4. Individual counseling:<br \/>We know that every home transaction is unique. That&#039;s why you get personal advice tailored to your needs, and we ensure that you are always well informed about the sales process.<\/p><p><br \/>5. Get an overview of your options:<br \/>If you are considering selling, you can start with a no-obligation chat with one of our experienced brokers. We are ready to guide you through your options and answer all your questions.<\/p><p>At RHA Real Estate, we are here to ensure that your home purchase is a success. Contact us today and let us help you move forward!<\/p>\t\t\t\t\t\t\t\t<\/div>\n\t\t\t\t<\/div>\n\t\t\t\t\t<\/div>\n\t\t<\/div>\n\t\t\t\t\t<\/div>\n\t\t<\/section>\n\t\t\t\t\t<\/div>\n\t\t<\/div>\n\t\t\t\t\t<\/div>\n\t\t<\/section>\n\t\t\t\t<\/div>","protected":false},"excerpt":{"rendered":"<p>S\u00e5dan s\u00e6lger du din bolig med RHA Real Estate At s\u00e6lge sin bolig er en stor beslutning, og hos RHA Real Estate g\u00f8r vi vores yderste for at sikre, at salgsprocessen bliver tryg, effektiv og succesfuld. Her er, hvordan vi hj\u00e6lper dig: 1. Uforpligtende salgsvurdering:F\u00e5 en gratis og uforpligtende vurdering af din bolig. Vi hj\u00e6lper [&hellip;]<\/p>","protected":false},"author":1,"featured_media":0,"parent":16650,"menu_order":0,"comment_status":"closed","ping_status":"closed","template":"elementor_header_footer","meta":{"footnotes":""},"class_list":["post-20645","page","type-page","status-publish","hentry"],"_links":{"self":[{"href":"https:\/\/royalhomealanya.com\/en\/wp-json\/wp\/v2\/pages\/20645","targetHints":{"allow":["GET"]}}],"collection":[{"href":"https:\/\/royalhomealanya.com\/en\/wp-json\/wp\/v2\/pages"}],"about":[{"href":"https:\/\/royalhomealanya.com\/en\/wp-json\/wp\/v2\/types\/page"}],"author":[{"embeddable":true,"href":"https:\/\/royalhomealanya.com\/en\/wp-json\/wp\/v2\/users\/1"}],"replies":[{"embeddable":true,"href":"https:\/\/royalhomealanya.com\/en\/wp-json\/wp\/v2\/comments?post=20645"}],"version-history":[{"count":59,"href":"https:\/\/royalhomealanya.com\/en\/wp-json\/wp\/v2\/pages\/20645\/revisions"}],"predecessor-version":[{"id":22070,"href":"https:\/\/royalhomealanya.com\/en\/wp-json\/wp\/v2\/pages\/20645\/revisions\/22070"}],"up":[{"embeddable":true,"href":"https:\/\/royalhomealanya.com\/en\/wp-json\/wp\/v2\/pages\/16650"}],"wp:attachment":[{"href":"https:\/\/royalhomealanya.com\/en\/wp-json\/wp\/v2\/media?parent=20645"}],"curies":[{"name":"wp","href":"https:\/\/api.w.org\/{rel}","templated":true}]}}