
{"id":20526,"date":"2024-02-11T19:16:37","date_gmt":"2024-02-11T19:16:37","guid":{"rendered":"https:\/\/royalhomealanya.com\/?page_id=20526"},"modified":"2024-02-16T21:17:21","modified_gmt":"2024-02-16T21:17:21","slug":"royal-home-team","status":"publish","type":"page","link":"https:\/\/royalhomealanya.com\/en\/about\/royal-home-team\/","title":{"rendered":"RHA TEAM"},"content":{"rendered":"<div data-elementor-type=\"wp-page\" data-elementor-id=\"20526\" class=\"elementor elementor-20526\" data-elementor-post-type=\"page\">\n\t\t\t\t\t\t<section class=\"elementor-section elementor-top-section elementor-element elementor-element-4149d17 elementor-section-boxed elementor-section-height-default elementor-section-height-default\" data-id=\"4149d17\" data-element_type=\"section\" data-settings=\"{&quot;background_background&quot;:&quot;classic&quot;}\">\n\t\t\t\t\t\t<div class=\"elementor-container elementor-column-gap-default\">\n\t\t\t\t\t<div class=\"elementor-column elementor-col-33 elementor-top-column elementor-element elementor-element-c4244e7\" data-id=\"c4244e7\" data-element_type=\"column\">\n\t\t\t<div class=\"elementor-widget-wrap\">\n\t\t\t\t\t\t\t<\/div>\n\t\t<\/div>\n\t\t\t\t<div class=\"elementor-column elementor-col-33 elementor-top-column elementor-element elementor-element-e56874c\" data-id=\"e56874c\" data-element_type=\"column\">\n\t\t\t<div class=\"elementor-widget-wrap elementor-element-populated\">\n\t\t\t\t\t\t<div class=\"elementor-element elementor-element-263c143 elementor-widget elementor-widget-heading\" data-id=\"263c143\" data-element_type=\"widget\" data-widget_type=\"heading.default\">\n\t\t\t\t<div class=\"elementor-widget-container\">\n\t\t\t\t\t<h2 class=\"elementor-heading-title elementor-size-default\">ABOUT US<\/h2>\t\t\t\t<\/div>\n\t\t\t\t<\/div>\n\t\t\t\t<div class=\"elementor-element elementor-element-212468a elementor-widget elementor-widget-heading\" data-id=\"212468a\" data-element_type=\"widget\" data-widget_type=\"heading.default\">\n\t\t\t\t<div class=\"elementor-widget-container\">\n\t\t\t\t\t<h2 class=\"elementor-heading-title elementor-size-default\">RHA TEAM<\/h2>\t\t\t\t<\/div>\n\t\t\t\t<\/div>\n\t\t\t\t\t<\/div>\n\t\t<\/div>\n\t\t\t\t<div class=\"elementor-column elementor-col-33 elementor-top-column elementor-element elementor-element-e3109f6\" data-id=\"e3109f6\" data-element_type=\"column\">\n\t\t\t<div class=\"elementor-widget-wrap\">\n\t\t\t\t\t\t\t<\/div>\n\t\t<\/div>\n\t\t\t\t\t<\/div>\n\t\t<\/section>\n\t\t\t\t<section class=\"elementor-section elementor-top-section elementor-element elementor-element-6cea00a9 elementor-section-boxed elementor-section-height-default elementor-section-height-default\" data-id=\"6cea00a9\" data-element_type=\"section\" id=\"xs_team_3\">\n\t\t\t\t\t\t<div class=\"elementor-container elementor-column-gap-default\">\n\t\t\t\t\t<div class=\"elementor-column elementor-col-100 elementor-top-column elementor-element elementor-element-42e4cc43\" data-id=\"42e4cc43\" data-element_type=\"column\">\n\t\t\t<div class=\"elementor-widget-wrap elementor-element-populated\">\n\t\t\t\t\t\t<section class=\"elementor-section elementor-inner-section elementor-element elementor-element-15b78396 elementor-section-boxed elementor-section-height-default elementor-section-height-default\" data-id=\"15b78396\" data-element_type=\"section\">\n\t\t\t\t\t\t<div class=\"elementor-container elementor-column-gap-default\">\n\t\t\t\t\t<div class=\"elementor-column elementor-col-33 elementor-inner-column elementor-element elementor-element-587b92e7\" data-id=\"587b92e7\" data-element_type=\"column\">\n\t\t\t<div class=\"elementor-widget-wrap elementor-element-populated\">\n\t\t\t\t\t\t<div class=\"elementor-element elementor-element-758ecb7b elementor-widget elementor-widget-elementskit-team\" data-id=\"758ecb7b\" data-element_type=\"widget\" data-widget_type=\"elementskit-team.default\">\n\t\t\t\t<div class=\"elementor-widget-container\">\n\t\t\t\t\t<div class=\"ekit-wid-con\">\t\t <div class=\"profile-square-v\"> \t\t\t\t\t\t\n\t\t<div class=\"profile-card elementor-animation- text-center ekit-team-style-centered_style\">\n\t\t\t\t\t\t\n\t\t\t\t<div class=\"profile-header ekit-team-img\" >\n\t\t\t\t\t<img fetchpriority=\"high\" decoding=\"async\" width=\"500\" height=\"500\" src=\"https:\/\/royalhomealanya.com\/wp-content\/uploads\/2024\/02\/royal-home-team-01.jpg\" class=\"attachment-large size-large wp-image-20535\" alt=\"\" srcset=\"https:\/\/royalhomealanya.com\/wp-content\/uploads\/2024\/02\/royal-home-team-01.jpg 500w, https:\/\/royalhomealanya.com\/wp-content\/uploads\/2024\/02\/royal-home-team-01-300x300.jpg 300w, https:\/\/royalhomealanya.com\/wp-content\/uploads\/2024\/02\/royal-home-team-01-150x150.jpg 150w, https:\/\/royalhomealanya.com\/wp-content\/uploads\/2024\/02\/royal-home-team-01-12x12.jpg 12w, https:\/\/royalhomealanya.com\/wp-content\/uploads\/2024\/02\/royal-home-team-01-496x496.jpg 496w\" sizes=\"(max-width: 500px) 100vw, 500px\" \/>\t\t\t\t<\/div><!-- .profile-header END -->\n\t\t\t\t\t\t\n\n\t\t\t\t<div class=\"profile-body\">\n\t\t\t\t\t\n\t\t\t\t\t<h2 class=\"profile-title\">\n\t\t\t\t\t\t\t\t\t\t\tAYHAN ORHAN\t\t\t\t\t\t\t\t\t\t<\/h2>\n\t\t\t\t\t<p class=\"profile-designation\">Director<\/p>\n\t\t\t\t\t\t\t\t\t\t<p class=\"profile-content\">(DANISH,ENGLISH,GERMAN,TURKISH)<\/p>\n\t\t\t\t\t\t\t\t\t<\/div><!-- .profile-body END -->\n\n\t\t\t\t\t\t\t\t<\/div>\n\t\t\t\t <\/div> \t\t\t\n\t\t\t\n\t\t\t\t<\/div>\t\t\t\t<\/div>\n\t\t\t\t<\/div>\n\t\t\t\t\t<\/div>\n\t\t<\/div>\n\t\t\t\t<div class=\"elementor-column elementor-col-33 elementor-inner-column elementor-element elementor-element-203c22bc\" data-id=\"203c22bc\" data-element_type=\"column\">\n\t\t\t<div class=\"elementor-widget-wrap elementor-element-populated\">\n\t\t\t\t\t\t<div class=\"elementor-element elementor-element-6c0a1594 elementor-widget elementor-widget-elementskit-team\" data-id=\"6c0a1594\" data-element_type=\"widget\" data-widget_type=\"elementskit-team.default\">\n\t\t\t\t<div class=\"elementor-widget-container\">\n\t\t\t\t\t<div class=\"ekit-wid-con\">\t\t <div class=\"profile-square-v\"> \t\t\t\t\t\t\n\t\t<div class=\"profile-card elementor-animation- text-center ekit-team-style-centered_style\">\n\t\t\t\t\t\t\n\t\t\t\t<div class=\"profile-header ekit-team-img\" >\n\t\t\t\t\t<img decoding=\"async\" width=\"500\" height=\"500\" src=\"https:\/\/royalhomealanya.com\/wp-content\/uploads\/2024\/02\/royal-home-team-02.jpg\" class=\"attachment-large size-large wp-image-20536\" alt=\"\" srcset=\"https:\/\/royalhomealanya.com\/wp-content\/uploads\/2024\/02\/royal-home-team-02.jpg 500w, https:\/\/royalhomealanya.com\/wp-content\/uploads\/2024\/02\/royal-home-team-02-300x300.jpg 300w, https:\/\/royalhomealanya.com\/wp-content\/uploads\/2024\/02\/royal-home-team-02-150x150.jpg 150w, https:\/\/royalhomealanya.com\/wp-content\/uploads\/2024\/02\/royal-home-team-02-12x12.jpg 12w, https:\/\/royalhomealanya.com\/wp-content\/uploads\/2024\/02\/royal-home-team-02-496x496.jpg 496w\" sizes=\"(max-width: 500px) 100vw, 500px\" \/>\t\t\t\t<\/div><!-- .profile-header END -->\n\t\t\t\t\t\t\n\n\t\t\t\t<div class=\"profile-body\">\n\t\t\t\t\t\n\t\t\t\t\t<h2 class=\"profile-title\">\n\t\t\t\t\t\t\t\t\t\t\tKERIM ATAR\t\t\t\t\t\t\t\t\t\t<\/h2>\n\t\t\t\t\t<p class=\"profile-designation\">Service Manager<\/p>\n\t\t\t\t\t\t\t\t\t\t<p class=\"profile-content\">(TURKISH)<\/p>\n\t\t\t\t\t\t\t\t\t<\/div><!-- .profile-body END -->\n\n\t\t\t\t\t\t\t\t<\/div>\n\t\t\t\t <\/div> \t\t\t\n\t\t\t\n\t\t\t\t<\/div>\t\t\t\t<\/div>\n\t\t\t\t<\/div>\n\t\t\t\t\t<\/div>\n\t\t<\/div>\n\t\t\t\t<div class=\"elementor-column elementor-col-33 elementor-inner-column elementor-element elementor-element-2ef0103f\" data-id=\"2ef0103f\" data-element_type=\"column\">\n\t\t\t<div class=\"elementor-widget-wrap elementor-element-populated\">\n\t\t\t\t\t\t<div class=\"elementor-element elementor-element-6055d12f elementor-widget elementor-widget-elementskit-team\" data-id=\"6055d12f\" data-element_type=\"widget\" data-widget_type=\"elementskit-team.default\">\n\t\t\t\t<div class=\"elementor-widget-container\">\n\t\t\t\t\t<div class=\"ekit-wid-con\">\t\t <div class=\"profile-square-v\"> \t\t\t\t\t\t\n\t\t<div class=\"profile-card elementor-animation- text-center ekit-team-style-centered_style\">\n\t\t\t\t\t\t\n\t\t\t\t<div class=\"profile-header ekit-team-img\" >\n\t\t\t\t\t<img decoding=\"async\" width=\"500\" height=\"500\" src=\"https:\/\/royalhomealanya.com\/wp-content\/uploads\/2024\/02\/royal-home-team-03.jpg\" class=\"attachment-large size-large wp-image-20537\" alt=\"\" srcset=\"https:\/\/royalhomealanya.com\/wp-content\/uploads\/2024\/02\/royal-home-team-03.jpg 500w, https:\/\/royalhomealanya.com\/wp-content\/uploads\/2024\/02\/royal-home-team-03-300x300.jpg 300w, https:\/\/royalhomealanya.com\/wp-content\/uploads\/2024\/02\/royal-home-team-03-150x150.jpg 150w, https:\/\/royalhomealanya.com\/wp-content\/uploads\/2024\/02\/royal-home-team-03-12x12.jpg 12w, https:\/\/royalhomealanya.com\/wp-content\/uploads\/2024\/02\/royal-home-team-03-496x496.jpg 496w\" sizes=\"(max-width: 500px) 100vw, 500px\" \/>\t\t\t\t<\/div><!-- .profile-header END -->\n\t\t\t\t\t\t\n\n\t\t\t\t<div class=\"profile-body\">\n\t\t\t\t\t\n\t\t\t\t\t<h2 class=\"profile-title\">\n\t\t\t\t\t\t\t\t\t\t\tHAYRI G\u00d6K\u00c7E\t\t\t\t\t\t\t\t\t\t<\/h2>\n\t\t\t\t\t<p class=\"profile-designation\">Service Assistant<\/p>\n\t\t\t\t\t\t\t\t\t\t<p class=\"profile-content\">(TURKISH)<\/p>\n\t\t\t\t\t\t\t\t\t<\/div><!-- .profile-body END -->\n\n\t\t\t\t\t\t\t\t<\/div>\n\t\t\t\t <\/div> \t\t\t\n\t\t\t\n\t\t\t\t<\/div>\t\t\t\t<\/div>\n\t\t\t\t<\/div>\n\t\t\t\t\t<\/div>\n\t\t<\/div>\n\t\t\t\t\t<\/div>\n\t\t<\/section>\n\t\t\t\t<section class=\"elementor-section elementor-inner-section elementor-element elementor-element-dca7751 elementor-section-boxed elementor-section-height-default elementor-section-height-default\" data-id=\"dca7751\" data-element_type=\"section\">\n\t\t\t\t\t\t<div class=\"elementor-container elementor-column-gap-default\">\n\t\t\t\t\t<div class=\"elementor-column elementor-col-33 elementor-inner-column elementor-element elementor-element-be88893\" data-id=\"be88893\" data-element_type=\"column\">\n\t\t\t<div class=\"elementor-widget-wrap elementor-element-populated\">\n\t\t\t\t\t\t<div class=\"elementor-element elementor-element-6c8c021 elementor-widget elementor-widget-elementskit-team\" data-id=\"6c8c021\" data-element_type=\"widget\" data-widget_type=\"elementskit-team.default\">\n\t\t\t\t<div class=\"elementor-widget-container\">\n\t\t\t\t\t<div class=\"ekit-wid-con\">\t\t <div class=\"profile-square-v\"> \t\t\t\t\t\t\n\t\t<div class=\"profile-card elementor-animation- text-center ekit-team-style-centered_style\">\n\t\t\t\t\t\t\n\t\t\t\t<div class=\"profile-header ekit-team-img\" >\n\t\t\t\t\t<img loading=\"lazy\" decoding=\"async\" width=\"500\" height=\"500\" src=\"https:\/\/royalhomealanya.com\/wp-content\/uploads\/2024\/02\/royal-home-team-04.jpg\" class=\"attachment-large size-large wp-image-20538\" alt=\"\" srcset=\"https:\/\/royalhomealanya.com\/wp-content\/uploads\/2024\/02\/royal-home-team-04.jpg 500w, https:\/\/royalhomealanya.com\/wp-content\/uploads\/2024\/02\/royal-home-team-04-300x300.jpg 300w, https:\/\/royalhomealanya.com\/wp-content\/uploads\/2024\/02\/royal-home-team-04-150x150.jpg 150w, https:\/\/royalhomealanya.com\/wp-content\/uploads\/2024\/02\/royal-home-team-04-12x12.jpg 12w, https:\/\/royalhomealanya.com\/wp-content\/uploads\/2024\/02\/royal-home-team-04-496x496.jpg 496w\" sizes=\"(max-width: 500px) 100vw, 500px\" \/>\t\t\t\t<\/div><!-- .profile-header END -->\n\t\t\t\t\t\t\n\n\t\t\t\t<div class=\"profile-body\">\n\t\t\t\t\t\n\t\t\t\t\t<h2 class=\"profile-title\">\n\t\t\t\t\t\t\t\t\t\t\tGAVIN WATSON\t\t\t\t\t\t\t\t\t\t<\/h2>\n\t\t\t\t\t<p class=\"profile-designation\">Representative<\/p>\n\t\t\t\t\t\t\t\t\t\t<p class=\"profile-content\">(ENGLISH)<\/p>\n\t\t\t\t\t\t\t\t\t<\/div><!-- .profile-body END -->\n\n\t\t\t\t\t\t\t\t<\/div>\n\t\t\t\t <\/div> \t\t\t\n\t\t\t\n\t\t\t\t<\/div>\t\t\t\t<\/div>\n\t\t\t\t<\/div>\n\t\t\t\t\t<\/div>\n\t\t<\/div>\n\t\t\t\t<div class=\"elementor-column elementor-col-33 elementor-inner-column elementor-element elementor-element-26538de\" data-id=\"26538de\" data-element_type=\"column\">\n\t\t\t<div class=\"elementor-widget-wrap elementor-element-populated\">\n\t\t\t\t\t\t<div class=\"elementor-element elementor-element-5924512 elementor-widget elementor-widget-elementskit-team\" data-id=\"5924512\" data-element_type=\"widget\" data-widget_type=\"elementskit-team.default\">\n\t\t\t\t<div class=\"elementor-widget-container\">\n\t\t\t\t\t<div class=\"ekit-wid-con\">\t\t <div class=\"profile-square-v\"> \t\t\t\t\t\t\n\t\t<div class=\"profile-card elementor-animation- text-center ekit-team-style-centered_style\">\n\t\t\t\t\t\t\n\t\t\t\t<div class=\"profile-header ekit-team-img\" >\n\t\t\t\t\t<img loading=\"lazy\" decoding=\"async\" width=\"500\" height=\"500\" src=\"https:\/\/royalhomealanya.com\/wp-content\/uploads\/2024\/02\/royal-home-team-05.jpg\" class=\"attachment-large size-large wp-image-20539\" alt=\"\" srcset=\"https:\/\/royalhomealanya.com\/wp-content\/uploads\/2024\/02\/royal-home-team-05.jpg 500w, https:\/\/royalhomealanya.com\/wp-content\/uploads\/2024\/02\/royal-home-team-05-300x300.jpg 300w, https:\/\/royalhomealanya.com\/wp-content\/uploads\/2024\/02\/royal-home-team-05-150x150.jpg 150w, https:\/\/royalhomealanya.com\/wp-content\/uploads\/2024\/02\/royal-home-team-05-12x12.jpg 12w, https:\/\/royalhomealanya.com\/wp-content\/uploads\/2024\/02\/royal-home-team-05-496x496.jpg 496w\" sizes=\"(max-width: 500px) 100vw, 500px\" \/>\t\t\t\t<\/div><!-- .profile-header END -->\n\t\t\t\t\t\t\n\n\t\t\t\t<div class=\"profile-body\">\n\t\t\t\t\t\n\t\t\t\t\t<h2 class=\"profile-title\">\n\t\t\t\t\t\t\t\t\t\t\tHENK GLAUDEMANS\t\t\t\t\t\t\t\t\t\t<\/h2>\n\t\t\t\t\t<p class=\"profile-designation\">Representative<\/p>\n\t\t\t\t\t\t\t\t\t\t<p class=\"profile-content\">(DUCTH,ENGLISH,SPANISH)<\/p>\n\t\t\t\t\t\t\t\t\t<\/div><!-- .profile-body END -->\n\n\t\t\t\t\t\t\t\t<\/div>\n\t\t\t\t <\/div> \t\t\t\n\t\t\t\n\t\t\t\t<\/div>\t\t\t\t<\/div>\n\t\t\t\t<\/div>\n\t\t\t\t\t<\/div>\n\t\t<\/div>\n\t\t\t\t<div class=\"elementor-column elementor-col-33 elementor-inner-column elementor-element elementor-element-353d83a\" data-id=\"353d83a\" data-element_type=\"column\">\n\t\t\t<div class=\"elementor-widget-wrap elementor-element-populated\">\n\t\t\t\t\t\t<div class=\"elementor-element elementor-element-23ce686 elementor-widget elementor-widget-elementskit-team\" data-id=\"23ce686\" data-element_type=\"widget\" data-widget_type=\"elementskit-team.default\">\n\t\t\t\t<div class=\"elementor-widget-container\">\n\t\t\t\t\t<div class=\"ekit-wid-con\">\t\t <div class=\"profile-square-v\"> \t\t\t\t\t\t\n\t\t<div class=\"profile-card elementor-animation- text-center ekit-team-style-centered_style\">\n\t\t\t\t\t\t\n\t\t\t\t<div class=\"profile-header ekit-team-img\" >\n\t\t\t\t\t<img loading=\"lazy\" decoding=\"async\" width=\"500\" height=\"500\" src=\"https:\/\/royalhomealanya.com\/wp-content\/uploads\/2024\/02\/royal-home-team-06.jpg\" class=\"attachment-large size-large wp-image-20540\" alt=\"\" srcset=\"https:\/\/royalhomealanya.com\/wp-content\/uploads\/2024\/02\/royal-home-team-06.jpg 500w, https:\/\/royalhomealanya.com\/wp-content\/uploads\/2024\/02\/royal-home-team-06-300x300.jpg 300w, https:\/\/royalhomealanya.com\/wp-content\/uploads\/2024\/02\/royal-home-team-06-150x150.jpg 150w, https:\/\/royalhomealanya.com\/wp-content\/uploads\/2024\/02\/royal-home-team-06-12x12.jpg 12w, https:\/\/royalhomealanya.com\/wp-content\/uploads\/2024\/02\/royal-home-team-06-496x496.jpg 496w\" sizes=\"(max-width: 500px) 100vw, 500px\" \/>\t\t\t\t<\/div><!-- .profile-header END -->\n\t\t\t\t\t\t\n\n\t\t\t\t<div class=\"profile-body\">\n\t\t\t\t\t\n\t\t\t\t\t<h2 class=\"profile-title\">\n\t\t\t\t\t\t\t\t\t\t\tYULLIA GILS\t\t\t\t\t\t\t\t\t\t<\/h2>\n\t\t\t\t\t<p class=\"profile-designation\">Representative<\/p>\n\t\t\t\t\t\t\t\t\t\t<p class=\"profile-content\">(RUSSIAN, TURKISH)<\/p>\n\t\t\t\t\t\t\t\t\t<\/div><!-- .profile-body END -->\n\n\t\t\t\t\t\t\t\t<\/div>\n\t\t\t\t <\/div> \t\t\t\n\t\t\t\n\t\t\t\t<\/div>\t\t\t\t<\/div>\n\t\t\t\t<\/div>\n\t\t\t\t\t<\/div>\n\t\t<\/div>\n\t\t\t\t\t<\/div>\n\t\t<\/section>\n\t\t\t\t\t<\/div>\n\t\t<\/div>\n\t\t\t\t\t<\/div>\n\t\t<\/section>\n\t\t\t\t<section class=\"elementor-section elementor-top-section elementor-element elementor-element-72bd765 elementor-section-boxed elementor-section-height-default elementor-section-height-default\" data-id=\"72bd765\" data-element_type=\"section\" data-settings=\"{&quot;background_background&quot;:&quot;classic&quot;}\">\n\t\t\t\t\t\t<div class=\"elementor-container elementor-column-gap-default\">\n\t\t\t\t\t<div class=\"elementor-column elementor-col-33 elementor-top-column elementor-element elementor-element-3c9005d\" data-id=\"3c9005d\" data-element_type=\"column\">\n\t\t\t<div class=\"elementor-widget-wrap\">\n\t\t\t\t\t\t\t<\/div>\n\t\t<\/div>\n\t\t\t\t<div class=\"elementor-column elementor-col-33 elementor-top-column elementor-element elementor-element-416bb41\" data-id=\"416bb41\" data-element_type=\"column\">\n\t\t\t<div class=\"elementor-widget-wrap elementor-element-populated\">\n\t\t\t\t\t\t<div class=\"elementor-element elementor-element-33d4d49 elementor-widget elementor-widget-heading\" data-id=\"33d4d49\" data-element_type=\"widget\" data-widget_type=\"heading.default\">\n\t\t\t\t<div class=\"elementor-widget-container\">\n\t\t\t\t\t<h2 class=\"elementor-heading-title elementor-size-default\">ABOUT US<\/h2>\t\t\t\t<\/div>\n\t\t\t\t<\/div>\n\t\t\t\t<div class=\"elementor-element elementor-element-784c8c1 elementor-widget elementor-widget-heading\" data-id=\"784c8c1\" data-element_type=\"widget\" data-widget_type=\"heading.default\">\n\t\t\t\t<div class=\"elementor-widget-container\">\n\t\t\t\t\t<h2 class=\"elementor-heading-title elementor-size-default\">COMPANY PROFILE<\/h2>\t\t\t\t<\/div>\n\t\t\t\t<\/div>\n\t\t\t\t\t<\/div>\n\t\t<\/div>\n\t\t\t\t<div class=\"elementor-column elementor-col-33 elementor-top-column elementor-element elementor-element-6edbb44\" data-id=\"6edbb44\" data-element_type=\"column\">\n\t\t\t<div class=\"elementor-widget-wrap\">\n\t\t\t\t\t\t\t<\/div>\n\t\t<\/div>\n\t\t\t\t\t<\/div>\n\t\t<\/section>\n\t\t\t\t<\/div>","protected":false},"excerpt":{"rendered":"<p>ABOUT US RHA TEAM AYHAN ORHAN Director (DANISH,ENGLISH,GERMAN,TURKISH) KER\u0130M ATAR Service Manager (TURKISH) HAYR\u0130 G\u00d6K\u00c7E Service Assistant (TURKISH) GAVIN WATSON Representative (ENGLISH) HENK GLAUDEMANS Representative (DUCTH,ENGLISH,SPANISH) YULLIA GILS Representative ( RUSSIAN, TURKISH) ABOUT US COMPANY PROFILE<\/p>","protected":false},"author":1,"featured_media":0,"parent":16650,"menu_order":0,"comment_status":"closed","ping_status":"closed","template":"elementor_header_footer","meta":{"footnotes":""},"class_list":["post-20526","page","type-page","status-publish","hentry"],"_links":{"self":[{"href":"https:\/\/royalhomealanya.com\/en\/wp-json\/wp\/v2\/pages\/20526","targetHints":{"allow":["GET"]}}],"collection":[{"href":"https:\/\/royalhomealanya.com\/en\/wp-json\/wp\/v2\/pages"}],"about":[{"href":"https:\/\/royalhomealanya.com\/en\/wp-json\/wp\/v2\/types\/page"}],"author":[{"embeddable":true,"href":"https:\/\/royalhomealanya.com\/en\/wp-json\/wp\/v2\/users\/1"}],"replies":[{"embeddable":true,"href":"https:\/\/royalhomealanya.com\/en\/wp-json\/wp\/v2\/comments?post=20526"}],"version-history":[{"count":29,"href":"https:\/\/royalhomealanya.com\/en\/wp-json\/wp\/v2\/pages\/20526\/revisions"}],"predecessor-version":[{"id":20846,"href":"https:\/\/royalhomealanya.com\/en\/wp-json\/wp\/v2\/pages\/20526\/revisions\/20846"}],"up":[{"embeddable":true,"href":"https:\/\/royalhomealanya.com\/en\/wp-json\/wp\/v2\/pages\/16650"}],"wp:attachment":[{"href":"https:\/\/royalhomealanya.com\/en\/wp-json\/wp\/v2\/media?parent=20526"}],"curies":[{"name":"wp","href":"https:\/\/api.w.org\/{rel}","templated":true}]}}