
{"id":20806,"date":"2024-02-16T20:52:26","date_gmt":"2024-02-16T20:52:26","guid":{"rendered":"https:\/\/royalhomealanya.com\/?page_id=20806"},"modified":"2024-12-23T14:02:10","modified_gmt":"2024-12-23T14:02:10","slug":"om-royal-home-alanya","status":"publish","type":"page","link":"https:\/\/royalhomealanya.com\/da\/about\/om-royal-home-alanya\/","title":{"rendered":"OM ROYAL HOME ALANYA"},"content":{"rendered":"\t\t<div data-elementor-type=\"wp-page\" data-elementor-id=\"20806\" class=\"elementor elementor-20806\" data-elementor-post-type=\"page\">\n\t\t\t\t\t\t<section class=\"elementor-section elementor-top-section elementor-element elementor-element-587b789 elementor-section-boxed elementor-section-height-default elementor-section-height-default\" data-id=\"587b789\" data-element_type=\"section\" data-settings=\"{&quot;background_background&quot;:&quot;classic&quot;,&quot;shape_divider_bottom&quot;:&quot;curve&quot;,&quot;shape_divider_bottom_negative&quot;:&quot;yes&quot;}\">\n\t\t\t\t\t\t\t<div class=\"elementor-background-overlay\"><\/div>\n\t\t\t\t\t\t<div class=\"elementor-shape elementor-shape-bottom\" aria-hidden=\"true\" data-negative=\"true\">\n\t\t\t<svg xmlns=\"http:\/\/www.w3.org\/2000\/svg\" viewBox=\"0 0 1000 100\" preserveAspectRatio=\"none\">\n\t<path class=\"elementor-shape-fill\" d=\"M500,97C126.7,96.3,0.8,19.8,0,0v100l1000,0V1C1000,19.4,873.3,97.8,500,97z\"\/>\n<\/svg>\t\t<\/div>\n\t\t\t\t\t<div class=\"elementor-container elementor-column-gap-default\">\n\t\t\t\t\t<div class=\"elementor-column elementor-col-100 elementor-top-column elementor-element elementor-element-666e22b\" data-id=\"666e22b\" data-element_type=\"column\">\n\t\t\t<div class=\"elementor-widget-wrap elementor-element-populated\">\n\t\t\t\t\t\t<div class=\"elementor-element elementor-element-2808851 elementor-widget elementor-widget-heading\" data-id=\"2808851\" data-element_type=\"widget\" data-widget_type=\"heading.default\">\n\t\t\t\t<div class=\"elementor-widget-container\">\n\t\t\t\t\t<h1 class=\"elementor-heading-title elementor-size-default\">OM ROYAL HOME ALANYA<\/h1>\t\t\t\t<\/div>\n\t\t\t\t<\/div>\n\t\t\t\t\t<\/div>\n\t\t<\/div>\n\t\t\t\t\t<\/div>\n\t\t<\/section>\n\t\t\t\t<section class=\"elementor-section elementor-top-section elementor-element elementor-element-72571af elementor-section-boxed elementor-section-height-default elementor-section-height-default\" data-id=\"72571af\" data-element_type=\"section\" data-settings=\"{&quot;background_background&quot;:&quot;classic&quot;}\">\n\t\t\t\t\t\t<div class=\"elementor-container elementor-column-gap-default\">\n\t\t\t\t\t<div class=\"elementor-column elementor-col-100 elementor-top-column elementor-element elementor-element-839efe0\" data-id=\"839efe0\" data-element_type=\"column\" data-settings=\"{&quot;background_background&quot;:&quot;classic&quot;}\">\n\t\t\t<div class=\"elementor-widget-wrap elementor-element-populated\">\n\t\t\t\t\t\t<section class=\"elementor-section elementor-inner-section elementor-element elementor-element-2e0f9d5 elementor-section-boxed elementor-section-height-default elementor-section-height-default\" data-id=\"2e0f9d5\" data-element_type=\"section\">\n\t\t\t\t\t\t<div class=\"elementor-container elementor-column-gap-default\">\n\t\t\t\t\t<div class=\"elementor-column elementor-col-50 elementor-inner-column elementor-element elementor-element-754d276\" data-id=\"754d276\" data-element_type=\"column\">\n\t\t\t<div class=\"elementor-widget-wrap elementor-element-populated\">\n\t\t\t\t\t\t<div class=\"elementor-element elementor-element-aee3d5b elementor-widget elementor-widget-image\" data-id=\"aee3d5b\" data-element_type=\"widget\" data-widget_type=\"image.default\">\n\t\t\t\t<div class=\"elementor-widget-container\">\n\t\t\t\t\t\t\t\t\t\t\t\t\t\t\t<img fetchpriority=\"high\" decoding=\"async\" width=\"768\" height=\"698\" src=\"https:\/\/royalhomealanya.com\/wp-content\/uploads\/2024\/02\/home-image-5.jpg\" class=\"attachment-large size-large wp-image-20449\" alt=\"\" srcset=\"https:\/\/royalhomealanya.com\/wp-content\/uploads\/2024\/02\/home-image-5.jpg 768w, https:\/\/royalhomealanya.com\/wp-content\/uploads\/2024\/02\/home-image-5-300x273.jpg 300w, https:\/\/royalhomealanya.com\/wp-content\/uploads\/2024\/02\/home-image-5-13x12.jpg 13w, https:\/\/royalhomealanya.com\/wp-content\/uploads\/2024\/02\/home-image-5-660x600.jpg 660w, https:\/\/royalhomealanya.com\/wp-content\/uploads\/2024\/02\/home-image-5-496x451.jpg 496w\" sizes=\"(max-width: 768px) 100vw, 768px\" \/>\t\t\t\t\t\t\t\t\t\t\t\t\t\t\t<\/div>\n\t\t\t\t<\/div>\n\t\t\t\t\t<\/div>\n\t\t<\/div>\n\t\t\t\t<div class=\"elementor-column elementor-col-50 elementor-inner-column elementor-element elementor-element-134fa1d\" data-id=\"134fa1d\" data-element_type=\"column\">\n\t\t\t<div class=\"elementor-widget-wrap\">\n\t\t\t\t\t\t\t<\/div>\n\t\t<\/div>\n\t\t\t\t\t<\/div>\n\t\t<\/section>\n\t\t\t\t<div class=\"elementor-element elementor-element-532adf6 elementor-widget elementor-widget-text-editor\" data-id=\"532adf6\" data-element_type=\"widget\" data-widget_type=\"text-editor.default\">\n\t\t\t\t<div class=\"elementor-widget-container\">\n\t\t\t\t\t\t\t\t\t<p><strong>Find Dit Dr\u00f8mmehus i Alanya med Royal Home Real Estate<\/strong><\/p><p>Stol p\u00e5 de erfarne ejendomsm\u00e6glere hos Royal Home Real Estate for kompetent vejledning i at finde dit dr\u00f8mmehus i Alanya, Antalya. Din tilfredshed er vores h\u00f8jeste prioritet.<\/p><p>Vores dedikerede agenter har en dyb forst\u00e5else af det lokale ejendommarked og er forpligtet til at tilbyde dig ekspertvejledning. Vi hj\u00e6lper dig med at finde den perfekte ejendom, der opfylder dine unikke behov og \u00f8nsker.<\/p><p>Alanya, som ligger langs den betagende tyrkiske riviera, kombinerer naturlig sk\u00f8nhed, rig historie og moderne bekvemmeligheder \u2013 et ideelt sted at kalde hjem. Uanset om du er p\u00e5 udkig efter en villa ved havet, en hyggelig lejlighed eller et charmerende hus p\u00e5 landet, har vores erfarne agenter de n\u00f8dvendige ressourcer og viden til at hj\u00e6lpe dig med at finde din dr\u00f8mmebolig i denne vidunderlige by.<\/p><p>Hos Royal Home Real Estate er vi engageret i at sikre, at din boligrejse forl\u00f8ber glat. Vi forst\u00e5r, at k\u00f8b af bolig er en stor investering, og vi er dedikeret til at yde den bedst mulige service gennem hele processen. Fra den f\u00f8rste ejendomss\u00f8gning til den endelige overtagelse, vil vores agenter v\u00e6re ved din side for at sikre en problemfri og behagelig oplevelse.<\/p><p>Stol p\u00e5 vores erfarne agenter for ekspertvejledning i at finde dit dr\u00f8mmehus i Alanya, Antalya. Lad os hj\u00e6lpe dig med at g\u00f8re din dr\u00f8m om at eje en bolig i denne smukke by til virkelighed.<\/p><p>Kontakt Royal Home \u2013 Vi er klar til at hj\u00e6lpe dig<\/p><p>Du er altid velkommen til at kontakte Royal Home. Vi st\u00e5r klar til at guide dig igennem hele processen og sikre, at du f\u00e5r den bedst mulige oplevelse, n\u00e5r du k\u00f8ber eller s\u00e6lger din bolig.<\/p><p>\u00a0<\/p>\t\t\t\t\t\t\t\t<\/div>\n\t\t\t\t<\/div>\n\t\t\t\t\t<\/div>\n\t\t<\/div>\n\t\t\t\t\t<\/div>\n\t\t<\/section>\n\t\t\t\t<\/div>\n\t\t","protected":false},"excerpt":{"rendered":"<p>Find Dit Dr\u00f8mmehus i Alanya med Royal Home Real Estate Stol p\u00e5 de erfarne ejendomsm\u00e6glere hos Royal Home Real Estate for kompetent vejledning i at finde dit dr\u00f8mmehus i Alanya, Antalya. Din tilfredshed er vores h\u00f8jeste prioritet. Vores dedikerede agenter har en dyb forst\u00e5else af det lokale ejendommarked og er forpligtet til at tilbyde dig [&hellip;]<\/p>\n","protected":false},"author":1,"featured_media":0,"parent":16650,"menu_order":0,"comment_status":"closed","ping_status":"closed","template":"elementor_header_footer","meta":{"footnotes":""},"class_list":["post-20806","page","type-page","status-publish","hentry"],"_links":{"self":[{"href":"https:\/\/royalhomealanya.com\/da\/wp-json\/wp\/v2\/pages\/20806","targetHints":{"allow":["GET"]}}],"collection":[{"href":"https:\/\/royalhomealanya.com\/da\/wp-json\/wp\/v2\/pages"}],"about":[{"href":"https:\/\/royalhomealanya.com\/da\/wp-json\/wp\/v2\/types\/page"}],"author":[{"embeddable":true,"href":"https:\/\/royalhomealanya.com\/da\/wp-json\/wp\/v2\/users\/1"}],"replies":[{"embeddable":true,"href":"https:\/\/royalhomealanya.com\/da\/wp-json\/wp\/v2\/comments?post=20806"}],"version-history":[{"count":13,"href":"https:\/\/royalhomealanya.com\/da\/wp-json\/wp\/v2\/pages\/20806\/revisions"}],"predecessor-version":[{"id":22098,"href":"https:\/\/royalhomealanya.com\/da\/wp-json\/wp\/v2\/pages\/20806\/revisions\/22098"}],"up":[{"embeddable":true,"href":"https:\/\/royalhomealanya.com\/da\/wp-json\/wp\/v2\/pages\/16650"}],"wp:attachment":[{"href":"https:\/\/royalhomealanya.com\/da\/wp-json\/wp\/v2\/media?parent=20806"}],"curies":[{"name":"wp","href":"https:\/\/api.w.org\/{rel}","templated":true}]}}