
{"id":20787,"date":"2024-02-16T20:42:17","date_gmt":"2024-02-16T20:42:17","guid":{"rendered":"https:\/\/royalhomealanya.com\/?page_id=20787"},"modified":"2025-01-01T14:32:32","modified_gmt":"2025-01-01T14:32:32","slug":"salg-din-bolig-hos-rha","status":"publish","type":"page","link":"https:\/\/royalhomealanya.com\/da\/about\/salg-din-bolig-hos-rha\/","title":{"rendered":"SALG DIN BOLIG HOS RHA"},"content":{"rendered":"\t\t<div data-elementor-type=\"wp-page\" data-elementor-id=\"20787\" class=\"elementor elementor-20787\" data-elementor-post-type=\"page\">\n\t\t\t\t\t\t<section class=\"elementor-section elementor-top-section elementor-element elementor-element-587b789 elementor-section-boxed elementor-section-height-default elementor-section-height-default\" data-id=\"587b789\" data-element_type=\"section\" data-settings=\"{&quot;background_background&quot;:&quot;classic&quot;,&quot;shape_divider_bottom&quot;:&quot;curve&quot;,&quot;shape_divider_bottom_negative&quot;:&quot;yes&quot;}\">\n\t\t\t\t\t\t\t<div class=\"elementor-background-overlay\"><\/div>\n\t\t\t\t\t\t<div class=\"elementor-shape elementor-shape-bottom\" aria-hidden=\"true\" data-negative=\"true\">\n\t\t\t<svg xmlns=\"http:\/\/www.w3.org\/2000\/svg\" viewBox=\"0 0 1000 100\" preserveAspectRatio=\"none\">\n\t<path class=\"elementor-shape-fill\" d=\"M500,97C126.7,96.3,0.8,19.8,0,0v100l1000,0V1C1000,19.4,873.3,97.8,500,97z\"\/>\n<\/svg>\t\t<\/div>\n\t\t\t\t\t<div class=\"elementor-container elementor-column-gap-default\">\n\t\t\t\t\t<div class=\"elementor-column elementor-col-100 elementor-top-column elementor-element elementor-element-666e22b\" data-id=\"666e22b\" data-element_type=\"column\">\n\t\t\t<div class=\"elementor-widget-wrap elementor-element-populated\">\n\t\t\t\t\t\t<div class=\"elementor-element elementor-element-2808851 elementor-widget elementor-widget-heading\" data-id=\"2808851\" data-element_type=\"widget\" data-widget_type=\"heading.default\">\n\t\t\t\t<div class=\"elementor-widget-container\">\n\t\t\t\t\t<h1 class=\"elementor-heading-title elementor-size-default\">SALG DIN BOLIG HOS RHA<\/h1>\t\t\t\t<\/div>\n\t\t\t\t<\/div>\n\t\t\t\t\t<\/div>\n\t\t<\/div>\n\t\t\t\t\t<\/div>\n\t\t<\/section>\n\t\t\t\t<section class=\"elementor-section elementor-top-section elementor-element elementor-element-72571af elementor-section-boxed elementor-section-height-default elementor-section-height-default\" data-id=\"72571af\" data-element_type=\"section\" data-settings=\"{&quot;background_background&quot;:&quot;classic&quot;}\">\n\t\t\t\t\t\t<div class=\"elementor-container elementor-column-gap-default\">\n\t\t\t\t\t<div class=\"elementor-column elementor-col-100 elementor-top-column elementor-element elementor-element-839efe0\" data-id=\"839efe0\" data-element_type=\"column\" data-settings=\"{&quot;background_background&quot;:&quot;classic&quot;}\">\n\t\t\t<div class=\"elementor-widget-wrap elementor-element-populated\">\n\t\t\t\t\t\t<section class=\"elementor-section elementor-inner-section elementor-element elementor-element-2e0f9d5 elementor-section-boxed elementor-section-height-default elementor-section-height-default\" data-id=\"2e0f9d5\" data-element_type=\"section\">\n\t\t\t\t\t\t<div class=\"elementor-container elementor-column-gap-default\">\n\t\t\t\t\t<div class=\"elementor-column elementor-col-50 elementor-inner-column elementor-element elementor-element-754d276\" data-id=\"754d276\" data-element_type=\"column\">\n\t\t\t<div class=\"elementor-widget-wrap elementor-element-populated\">\n\t\t\t\t\t\t<div class=\"elementor-element elementor-element-aee3d5b elementor-widget elementor-widget-image\" data-id=\"aee3d5b\" data-element_type=\"widget\" data-widget_type=\"image.default\">\n\t\t\t\t<div class=\"elementor-widget-container\">\n\t\t\t\t\t\t\t\t\t\t\t\t\t\t\t<img fetchpriority=\"high\" decoding=\"async\" width=\"1024\" height=\"873\" src=\"https:\/\/royalhomealanya.com\/wp-content\/uploads\/2025\/01\/FullSizeRender-3-2-1024x873.jpeg\" class=\"attachment-large size-large wp-image-22136\" alt=\"\" srcset=\"https:\/\/royalhomealanya.com\/wp-content\/uploads\/2025\/01\/FullSizeRender-3-2-1024x873.jpeg 1024w, https:\/\/royalhomealanya.com\/wp-content\/uploads\/2025\/01\/FullSizeRender-3-2-300x256.jpeg 300w, https:\/\/royalhomealanya.com\/wp-content\/uploads\/2025\/01\/FullSizeRender-3-2-768x655.jpeg 768w, https:\/\/royalhomealanya.com\/wp-content\/uploads\/2025\/01\/FullSizeRender-3-2-1536x1310.jpeg 1536w, https:\/\/royalhomealanya.com\/wp-content\/uploads\/2025\/01\/FullSizeRender-3-2-14x12.jpeg 14w, https:\/\/royalhomealanya.com\/wp-content\/uploads\/2025\/01\/FullSizeRender-3-2-704x600.jpeg 704w, https:\/\/royalhomealanya.com\/wp-content\/uploads\/2025\/01\/FullSizeRender-3-2-496x423.jpeg 496w, https:\/\/royalhomealanya.com\/wp-content\/uploads\/2025\/01\/FullSizeRender-3-2.jpeg 1920w\" sizes=\"(max-width: 1024px) 100vw, 1024px\" \/>\t\t\t\t\t\t\t\t\t\t\t\t\t\t\t<\/div>\n\t\t\t\t<\/div>\n\t\t\t\t\t<\/div>\n\t\t<\/div>\n\t\t\t\t<div class=\"elementor-column elementor-col-50 elementor-inner-column elementor-element elementor-element-134fa1d\" data-id=\"134fa1d\" data-element_type=\"column\">\n\t\t\t<div class=\"elementor-widget-wrap elementor-element-populated\">\n\t\t\t\t\t\t<div class=\"elementor-element elementor-element-532adf6 elementor-widget elementor-widget-text-editor\" data-id=\"532adf6\" data-element_type=\"widget\" data-widget_type=\"text-editor.default\">\n\t\t\t\t<div class=\"elementor-widget-container\">\n\t\t\t\t\t\t\t\t\t<p><strong>Solgt eller Gratis \u2013 Vores koncept for boligsalg<\/strong><\/p><p>Hos RHA arbejder vi ud fra konceptet \u201cSolgt eller Gratis\u201d. Det betyder, at vi kun modtager betaling for salget af din bolig, n\u00e5r vi har solgt den. Fotografering af ejendommen, udarbejdelse af salgsmateriale og markedsf\u00f8ring er helt gratis.<\/p><p>Vi stiller vores viden og ekspertise til r\u00e5dighed for at give dig et klart billede af markedet:<\/p><p>\u2022 Er der k\u00f8bere?<br \/>\u2022 Hvor lang tid tager salget?<br \/>\u2022 Hvad bliver boliger solgt for i omr\u00e5det?\u2022 Hvor lang tid vil det tage at s\u00e6lge din bolig?<\/p><p>Efter en grundig vurdering af din bolig, aftaler vi i f\u00e6llesskab en realistisk salgspris. Vi udarbejder professionelt salgsmateriale med billeder, der pr\u00e6senterer din bolig p\u00e5 bedst mulige m\u00e5de. Sammen beslutter vi, hvordan vi bedst markedsf\u00f8rer din bolig for at tiltr\u00e6kke potentielle k\u00f8bere.<\/p><p>Kontakt Royal Home \u2013 Vi er klar til at hj\u00e6lpe dig<\/p><p>Du er altid velkommen til at kontakte Royal Home. Vi st\u00e5r klar til at guide dig igennem hele processen og sikre, at du f\u00e5r den bedst mulige oplevelse, n\u00e5r du k\u00f8ber eller s\u00e6lger din bolig.<\/p><p>\u00a0<\/p>\t\t\t\t\t\t\t\t<\/div>\n\t\t\t\t<\/div>\n\t\t\t\t\t<\/div>\n\t\t<\/div>\n\t\t\t\t\t<\/div>\n\t\t<\/section>\n\t\t\t\t\t<\/div>\n\t\t<\/div>\n\t\t\t\t\t<\/div>\n\t\t<\/section>\n\t\t\t\t<\/div>\n\t\t","protected":false},"excerpt":{"rendered":"<p>Solgt eller Gratis \u2013 Vores koncept for boligsalg Hos RHA arbejder vi ud fra konceptet \u201cSolgt eller Gratis\u201d. Det betyder, at vi kun modtager betaling for salget af din bolig, n\u00e5r vi har solgt den. Fotografering af ejendommen, udarbejdelse af salgsmateriale og markedsf\u00f8ring er helt gratis. Vi stiller vores viden og ekspertise til r\u00e5dighed for [&hellip;]<\/p>\n","protected":false},"author":1,"featured_media":0,"parent":16650,"menu_order":0,"comment_status":"closed","ping_status":"closed","template":"elementor_header_footer","meta":{"footnotes":""},"class_list":["post-20787","page","type-page","status-publish","hentry"],"_links":{"self":[{"href":"https:\/\/royalhomealanya.com\/da\/wp-json\/wp\/v2\/pages\/20787","targetHints":{"allow":["GET"]}}],"collection":[{"href":"https:\/\/royalhomealanya.com\/da\/wp-json\/wp\/v2\/pages"}],"about":[{"href":"https:\/\/royalhomealanya.com\/da\/wp-json\/wp\/v2\/types\/page"}],"author":[{"embeddable":true,"href":"https:\/\/royalhomealanya.com\/da\/wp-json\/wp\/v2\/users\/1"}],"replies":[{"embeddable":true,"href":"https:\/\/royalhomealanya.com\/da\/wp-json\/wp\/v2\/comments?post=20787"}],"version-history":[{"count":25,"href":"https:\/\/royalhomealanya.com\/da\/wp-json\/wp\/v2\/pages\/20787\/revisions"}],"predecessor-version":[{"id":22139,"href":"https:\/\/royalhomealanya.com\/da\/wp-json\/wp\/v2\/pages\/20787\/revisions\/22139"}],"up":[{"embeddable":true,"href":"https:\/\/royalhomealanya.com\/da\/wp-json\/wp\/v2\/pages\/16650"}],"wp:attachment":[{"href":"https:\/\/royalhomealanya.com\/da\/wp-json\/wp\/v2\/media?parent=20787"}],"curies":[{"name":"wp","href":"https:\/\/api.w.org\/{rel}","templated":true}]}}