
{"id":20774,"date":"2024-02-16T20:36:18","date_gmt":"2024-02-16T20:36:18","guid":{"rendered":"https:\/\/royalhomealanya.com\/?page_id=20774"},"modified":"2024-12-23T13:46:35","modified_gmt":"2024-12-23T13:46:35","slug":"saadan-koeber-du-bolig","status":"publish","type":"page","link":"https:\/\/royalhomealanya.com\/da\/about\/saadan-koeber-du-bolig\/","title":{"rendered":"S\u00c5DAN K\u00d8BER DU BOLIG"},"content":{"rendered":"\t\t<div data-elementor-type=\"wp-page\" data-elementor-id=\"20774\" class=\"elementor elementor-20774\" data-elementor-post-type=\"page\">\n\t\t\t\t\t\t<section class=\"elementor-section elementor-top-section elementor-element elementor-element-587b789 elementor-section-boxed elementor-section-height-default elementor-section-height-default\" data-id=\"587b789\" data-element_type=\"section\" data-settings=\"{&quot;background_background&quot;:&quot;classic&quot;,&quot;shape_divider_bottom&quot;:&quot;curve&quot;,&quot;shape_divider_bottom_negative&quot;:&quot;yes&quot;}\">\n\t\t\t\t\t\t\t<div class=\"elementor-background-overlay\"><\/div>\n\t\t\t\t\t\t<div class=\"elementor-shape elementor-shape-bottom\" aria-hidden=\"true\" data-negative=\"true\">\n\t\t\t<svg xmlns=\"http:\/\/www.w3.org\/2000\/svg\" viewBox=\"0 0 1000 100\" preserveAspectRatio=\"none\">\n\t<path class=\"elementor-shape-fill\" d=\"M500,97C126.7,96.3,0.8,19.8,0,0v100l1000,0V1C1000,19.4,873.3,97.8,500,97z\"\/>\n<\/svg>\t\t<\/div>\n\t\t\t\t\t<div class=\"elementor-container elementor-column-gap-default\">\n\t\t\t\t\t<div class=\"elementor-column elementor-col-100 elementor-top-column elementor-element elementor-element-666e22b\" data-id=\"666e22b\" data-element_type=\"column\">\n\t\t\t<div class=\"elementor-widget-wrap elementor-element-populated\">\n\t\t\t\t\t\t<div class=\"elementor-element elementor-element-2808851 elementor-widget elementor-widget-heading\" data-id=\"2808851\" data-element_type=\"widget\" data-widget_type=\"heading.default\">\n\t\t\t\t<div class=\"elementor-widget-container\">\n\t\t\t\t\t<h1 class=\"elementor-heading-title elementor-size-default\">S\u00c5DAN K\u00d8BER DU BOLIG<\/h1>\t\t\t\t<\/div>\n\t\t\t\t<\/div>\n\t\t\t\t\t<\/div>\n\t\t<\/div>\n\t\t\t\t\t<\/div>\n\t\t<\/section>\n\t\t\t\t<section class=\"elementor-section elementor-top-section elementor-element elementor-element-72571af elementor-section-boxed elementor-section-height-default elementor-section-height-default\" data-id=\"72571af\" data-element_type=\"section\" data-settings=\"{&quot;background_background&quot;:&quot;classic&quot;}\">\n\t\t\t\t\t\t<div class=\"elementor-container elementor-column-gap-default\">\n\t\t\t\t\t<div class=\"elementor-column elementor-col-100 elementor-top-column elementor-element elementor-element-839efe0\" data-id=\"839efe0\" data-element_type=\"column\" data-settings=\"{&quot;background_background&quot;:&quot;classic&quot;}\">\n\t\t\t<div class=\"elementor-widget-wrap elementor-element-populated\">\n\t\t\t\t\t\t<section class=\"elementor-section elementor-inner-section elementor-element elementor-element-2e0f9d5 elementor-section-boxed elementor-section-height-default elementor-section-height-default\" data-id=\"2e0f9d5\" data-element_type=\"section\">\n\t\t\t\t\t\t<div class=\"elementor-container elementor-column-gap-default\">\n\t\t\t\t\t<div class=\"elementor-column elementor-col-50 elementor-inner-column elementor-element elementor-element-754d276\" data-id=\"754d276\" data-element_type=\"column\">\n\t\t\t<div class=\"elementor-widget-wrap elementor-element-populated\">\n\t\t\t\t\t\t<div class=\"elementor-element elementor-element-aee3d5b elementor-widget elementor-widget-image\" data-id=\"aee3d5b\" data-element_type=\"widget\" data-widget_type=\"image.default\">\n\t\t\t\t<div class=\"elementor-widget-container\">\n\t\t\t\t\t\t\t\t\t\t\t\t\t\t\t<img fetchpriority=\"high\" decoding=\"async\" width=\"768\" height=\"698\" src=\"https:\/\/royalhomealanya.com\/wp-content\/uploads\/2023\/12\/happy-lady-pointing-showing-male-colleague-something-outdoors.jpg\" class=\"attachment-large size-large wp-image-19677\" alt=\"\" srcset=\"https:\/\/royalhomealanya.com\/wp-content\/uploads\/2023\/12\/happy-lady-pointing-showing-male-colleague-something-outdoors.jpg 768w, https:\/\/royalhomealanya.com\/wp-content\/uploads\/2023\/12\/happy-lady-pointing-showing-male-colleague-something-outdoors-300x273.jpg 300w, https:\/\/royalhomealanya.com\/wp-content\/uploads\/2023\/12\/happy-lady-pointing-showing-male-colleague-something-outdoors-660x600.jpg 660w, https:\/\/royalhomealanya.com\/wp-content\/uploads\/2023\/12\/happy-lady-pointing-showing-male-colleague-something-outdoors-496x451.jpg 496w\" sizes=\"(max-width: 768px) 100vw, 768px\" \/>\t\t\t\t\t\t\t\t\t\t\t\t\t\t\t<\/div>\n\t\t\t\t<\/div>\n\t\t\t\t\t<\/div>\n\t\t<\/div>\n\t\t\t\t<div class=\"elementor-column elementor-col-50 elementor-inner-column elementor-element elementor-element-134fa1d\" data-id=\"134fa1d\" data-element_type=\"column\">\n\t\t\t<div class=\"elementor-widget-wrap\">\n\t\t\t\t\t\t\t<\/div>\n\t\t<\/div>\n\t\t\t\t\t<\/div>\n\t\t<\/section>\n\t\t\t\t<div class=\"elementor-element elementor-element-532adf6 elementor-widget elementor-widget-text-editor\" data-id=\"532adf6\" data-element_type=\"widget\" data-widget_type=\"text-editor.default\">\n\t\t\t\t<div class=\"elementor-widget-container\">\n\t\t\t\t\t\t\t\t\t<p><strong>S\u00e5dan k\u00f8ber du bolig \u2013 Din guide til et trygt boligk\u00f8b<\/strong><\/p><p><strong>1. Start med dr\u00f8mmene:<\/strong><br \/>Hvordan finder du den perfekte bolig, der opfylder dine behov? F\u00f8rste skridt er at definere dine \u00f8nsker, dr\u00f8mme og forventninger.<\/p><p>Hvis I er flere om k\u00f8bet, er det vigtigt at afstemme, hvad der betyder mest for jer i jeres kommende hjem.<\/p><p><strong>Overvej f\u00f8lgende:<\/strong><br \/>\u2022 Hvilken boligtype s\u00f8ger du \u2013 hus, lejlighed eller landejendom?\u2022Skal det v\u00e6re indflytningsklart, eller vil du selv s\u00e6tte dit pr\u00e6g?<\/p><p>\u2022 Hvilke faciliteter og muligheder er vigtige i nabolaget?N\u00e5r du har en klar prioritering af dine s\u00f8gekriterier, er du klar til n\u00e6ste skridt.<\/p><p><strong>2. Find dit nye hjem:<\/strong> N\u00e5r dine \u00f8nsker er defineret, kan jagten p\u00e5 dr\u00f8mmeboligen begynde. Overvej at blive oprettet i et k\u00f8berkartotek hos en ejendomsm\u00e6gler. Det giver dig fordelen af at f\u00e5 adgang til nye boliger, f\u00f8r de rammer det \u00e5bne marked.<\/p><p><strong>Her er nogle tips til boligjagten:<\/strong><br \/>\u2022Deltag i \u00e5bent hus-arrangementer: En uforpligtende m\u00e5de at udforske flere boliger og forskellige nabolag p\u00e5 samme dag.<\/p><p><strong>\u2022Bestil en privat fremvisning:<\/strong> Det giver dig mulighed for at se boligen i ro og mag og stille sp\u00f8rgsm\u00e5l direkte til ejendomsm\u00e6gleren.<\/p><p><strong>\u2022 Brug en ejendomsm\u00e6gler:<\/strong> De kan svare p\u00e5 sp\u00f8rgsm\u00e5l om boligen, nabolaget og markedet generelt.<\/p><p>Uanset hvor du er i processen, er vi hos [RHA] klar til at hj\u00e6lpe dig med at finde dit nye hjem.<\/p><p>Har du sp\u00f8rgsm\u00e5l, eller \u00f8nsker du r\u00e5dgivning, er du altid velkommen til at kontakte os.<\/p>\t\t\t\t\t\t\t\t<\/div>\n\t\t\t\t<\/div>\n\t\t\t\t\t<\/div>\n\t\t<\/div>\n\t\t\t\t\t<\/div>\n\t\t<\/section>\n\t\t\t\t<\/div>\n\t\t","protected":false},"excerpt":{"rendered":"<p>S\u00e5dan k\u00f8ber du bolig \u2013 Din guide til et trygt boligk\u00f8b 1. Start med dr\u00f8mmene:Hvordan finder du den perfekte bolig, der opfylder dine behov? F\u00f8rste skridt er at definere dine \u00f8nsker, dr\u00f8mme og forventninger. Hvis I er flere om k\u00f8bet, er det vigtigt at afstemme, hvad der betyder mest for jer i jeres kommende hjem. [&hellip;]<\/p>\n","protected":false},"author":1,"featured_media":0,"parent":16650,"menu_order":0,"comment_status":"closed","ping_status":"closed","template":"elementor_header_footer","meta":{"footnotes":""},"class_list":["post-20774","page","type-page","status-publish","hentry"],"_links":{"self":[{"href":"https:\/\/royalhomealanya.com\/da\/wp-json\/wp\/v2\/pages\/20774","targetHints":{"allow":["GET"]}}],"collection":[{"href":"https:\/\/royalhomealanya.com\/da\/wp-json\/wp\/v2\/pages"}],"about":[{"href":"https:\/\/royalhomealanya.com\/da\/wp-json\/wp\/v2\/types\/page"}],"author":[{"embeddable":true,"href":"https:\/\/royalhomealanya.com\/da\/wp-json\/wp\/v2\/users\/1"}],"replies":[{"embeddable":true,"href":"https:\/\/royalhomealanya.com\/da\/wp-json\/wp\/v2\/comments?post=20774"}],"version-history":[{"count":19,"href":"https:\/\/royalhomealanya.com\/da\/wp-json\/wp\/v2\/pages\/20774\/revisions"}],"predecessor-version":[{"id":22092,"href":"https:\/\/royalhomealanya.com\/da\/wp-json\/wp\/v2\/pages\/20774\/revisions\/22092"}],"up":[{"embeddable":true,"href":"https:\/\/royalhomealanya.com\/da\/wp-json\/wp\/v2\/pages\/16650"}],"wp:attachment":[{"href":"https:\/\/royalhomealanya.com\/da\/wp-json\/wp\/v2\/media?parent=20774"}],"curies":[{"name":"wp","href":"https:\/\/api.w.org\/{rel}","templated":true}]}}