
{"id":20645,"date":"2024-02-15T19:16:54","date_gmt":"2024-02-15T19:16:54","guid":{"rendered":"https:\/\/royalhomealanya.com\/?page_id=20645"},"modified":"2024-12-23T12:59:55","modified_gmt":"2024-12-23T12:59:55","slug":"sadan-saelger-du-din-bolig","status":"publish","type":"page","link":"https:\/\/royalhomealanya.com\/da\/about\/sadan-saelger-du-din-bolig\/","title":{"rendered":"S\u00c5DAN S\u00c6LGER DU DIN BOLIG"},"content":{"rendered":"\t\t<div data-elementor-type=\"wp-page\" data-elementor-id=\"20645\" class=\"elementor elementor-20645\" data-elementor-post-type=\"page\">\n\t\t\t\t\t\t<section class=\"elementor-section elementor-top-section elementor-element elementor-element-587b789 elementor-section-boxed elementor-section-height-default elementor-section-height-default\" data-id=\"587b789\" data-element_type=\"section\" data-settings=\"{&quot;background_background&quot;:&quot;classic&quot;,&quot;shape_divider_bottom&quot;:&quot;curve&quot;,&quot;shape_divider_bottom_negative&quot;:&quot;yes&quot;}\">\n\t\t\t\t\t\t\t<div class=\"elementor-background-overlay\"><\/div>\n\t\t\t\t\t\t<div class=\"elementor-shape elementor-shape-bottom\" aria-hidden=\"true\" data-negative=\"true\">\n\t\t\t<svg xmlns=\"http:\/\/www.w3.org\/2000\/svg\" viewBox=\"0 0 1000 100\" preserveAspectRatio=\"none\">\n\t<path class=\"elementor-shape-fill\" d=\"M500,97C126.7,96.3,0.8,19.8,0,0v100l1000,0V1C1000,19.4,873.3,97.8,500,97z\"\/>\n<\/svg>\t\t<\/div>\n\t\t\t\t\t<div class=\"elementor-container elementor-column-gap-default\">\n\t\t\t\t\t<div class=\"elementor-column elementor-col-100 elementor-top-column elementor-element elementor-element-666e22b\" data-id=\"666e22b\" data-element_type=\"column\">\n\t\t\t<div class=\"elementor-widget-wrap elementor-element-populated\">\n\t\t\t\t\t\t<div class=\"elementor-element elementor-element-2808851 elementor-widget elementor-widget-heading\" data-id=\"2808851\" data-element_type=\"widget\" data-widget_type=\"heading.default\">\n\t\t\t\t<div class=\"elementor-widget-container\">\n\t\t\t\t\t<h1 class=\"elementor-heading-title elementor-size-default\">S\u00c5DAN S\u00c6LGER DU DIN BOLIG<\/h1>\t\t\t\t<\/div>\n\t\t\t\t<\/div>\n\t\t\t\t\t<\/div>\n\t\t<\/div>\n\t\t\t\t\t<\/div>\n\t\t<\/section>\n\t\t\t\t<section class=\"elementor-section elementor-top-section elementor-element elementor-element-72571af elementor-section-boxed elementor-section-height-default elementor-section-height-default\" data-id=\"72571af\" data-element_type=\"section\" data-settings=\"{&quot;background_background&quot;:&quot;classic&quot;}\">\n\t\t\t\t\t\t<div class=\"elementor-container elementor-column-gap-default\">\n\t\t\t\t\t<div class=\"elementor-column elementor-col-100 elementor-top-column elementor-element elementor-element-839efe0\" data-id=\"839efe0\" data-element_type=\"column\" data-settings=\"{&quot;background_background&quot;:&quot;classic&quot;}\">\n\t\t\t<div class=\"elementor-widget-wrap elementor-element-populated\">\n\t\t\t\t\t\t<section class=\"elementor-section elementor-inner-section elementor-element elementor-element-2e0f9d5 elementor-section-boxed elementor-section-height-default elementor-section-height-default\" data-id=\"2e0f9d5\" data-element_type=\"section\">\n\t\t\t\t\t\t<div class=\"elementor-container elementor-column-gap-default\">\n\t\t\t\t\t<div class=\"elementor-column elementor-col-50 elementor-inner-column elementor-element elementor-element-754d276\" data-id=\"754d276\" data-element_type=\"column\">\n\t\t\t<div class=\"elementor-widget-wrap elementor-element-populated\">\n\t\t\t\t\t\t<div class=\"elementor-element elementor-element-aee3d5b elementor-widget elementor-widget-image\" data-id=\"aee3d5b\" data-element_type=\"widget\" data-widget_type=\"image.default\">\n\t\t\t\t<div class=\"elementor-widget-container\">\n\t\t\t\t\t\t\t\t\t\t\t\t\t\t\t<img fetchpriority=\"high\" decoding=\"async\" width=\"768\" height=\"698\" src=\"https:\/\/royalhomealanya.com\/wp-content\/uploads\/2023\/12\/happy-couple-buying-their-new-home-receiving-keys-from-real-estate-agent.jpg\" class=\"attachment-large size-large wp-image-19676\" alt=\"\" srcset=\"https:\/\/royalhomealanya.com\/wp-content\/uploads\/2023\/12\/happy-couple-buying-their-new-home-receiving-keys-from-real-estate-agent.jpg 768w, https:\/\/royalhomealanya.com\/wp-content\/uploads\/2023\/12\/happy-couple-buying-their-new-home-receiving-keys-from-real-estate-agent-300x273.jpg 300w, https:\/\/royalhomealanya.com\/wp-content\/uploads\/2023\/12\/happy-couple-buying-their-new-home-receiving-keys-from-real-estate-agent-660x600.jpg 660w, https:\/\/royalhomealanya.com\/wp-content\/uploads\/2023\/12\/happy-couple-buying-their-new-home-receiving-keys-from-real-estate-agent-496x451.jpg 496w\" sizes=\"(max-width: 768px) 100vw, 768px\" \/>\t\t\t\t\t\t\t\t\t\t\t\t\t\t\t<\/div>\n\t\t\t\t<\/div>\n\t\t\t\t\t<\/div>\n\t\t<\/div>\n\t\t\t\t<div class=\"elementor-column elementor-col-50 elementor-inner-column elementor-element elementor-element-134fa1d\" data-id=\"134fa1d\" data-element_type=\"column\">\n\t\t\t<div class=\"elementor-widget-wrap elementor-element-populated\">\n\t\t\t\t\t\t<div class=\"elementor-element elementor-element-532adf6 elementor-widget elementor-widget-text-editor\" data-id=\"532adf6\" data-element_type=\"widget\" data-widget_type=\"text-editor.default\">\n\t\t\t\t<div class=\"elementor-widget-container\">\n\t\t\t\t\t\t\t\t\t<p><strong>S\u00e5dan s\u00e6lger du din bolig med RHA Real Estate<\/strong><\/p><p>At s\u00e6lge sin bolig er en stor beslutning, og hos RHA Real Estate g\u00f8r vi vores yderste for at sikre, at salgsprocessen bliver tryg, effektiv og succesfuld. Her er, hvordan vi hj\u00e6lper dig:<\/p><p><br \/>1. Uforpligtende salgsvurdering:<br \/>F\u00e5 en gratis og uforpligtende vurdering af din bolig. Vi hj\u00e6lper dig med at forst\u00e5 dens v\u00e6rdi og r\u00e5dgiver om n\u00e6ste skridt.<\/p><p><br \/>2. En tryg salgsoplevelse:<br \/>Vi l\u00e6gger v\u00e6gt p\u00e5, at salget af din bolig bliver en positiv oplevelse. Vi er med dig hele vejen, fra beslutningen om at s\u00e6lge til afslutningen af handlen.<\/p><p><br \/>3. Komplet st\u00f8tte gennem processen:<br \/>Fra det \u00f8jeblik, du beslutter at s\u00e6tte din bolig til salg, f\u00f8lger vi dig t\u00e6t og s\u00f8rger for, at alt forl\u00f8ber problemfrit \u2013 helt frem til, at du st\u00e5r med n\u00f8glerne til dit nye hjem.<\/p><p><br \/>4. Individuel r\u00e5dgivning:<br \/>Vi ved, at hver bolighandel er unik. Derfor f\u00e5r du personlig r\u00e5dgivning, der er skr\u00e6ddersyet til dine behov, og vi sikrer, at du altid er godt informeret om salgsprocessen.<\/p><p><br \/>5. F\u00e5 overblik over dine muligheder:<br \/>Hvis du overvejer at s\u00e6lge, kan du starte med en uforpligtende snak med en af vores erfarne m\u00e6glere. Vi st\u00e5r klar til at guide dig gennem dine muligheder og svare p\u00e5 alle dine sp\u00f8rgsm\u00e5l.<\/p><p>Hos RHA Real Estate er vi her for at sikre, at din bolighandel bliver en succes. Kontakt os i dag, og lad os hj\u00e6lpe dig godt videre!<\/p>\t\t\t\t\t\t\t\t<\/div>\n\t\t\t\t<\/div>\n\t\t\t\t\t<\/div>\n\t\t<\/div>\n\t\t\t\t\t<\/div>\n\t\t<\/section>\n\t\t\t\t\t<\/div>\n\t\t<\/div>\n\t\t\t\t\t<\/div>\n\t\t<\/section>\n\t\t\t\t<\/div>\n\t\t","protected":false},"excerpt":{"rendered":"<p>S\u00e5dan s\u00e6lger du din bolig med RHA Real Estate At s\u00e6lge sin bolig er en stor beslutning, og hos RHA Real Estate g\u00f8r vi vores yderste for at sikre, at salgsprocessen bliver tryg, effektiv og succesfuld. Her er, hvordan vi hj\u00e6lper dig: 1. Uforpligtende salgsvurdering:F\u00e5 en gratis og uforpligtende vurdering af din bolig. Vi hj\u00e6lper [&hellip;]<\/p>\n","protected":false},"author":1,"featured_media":0,"parent":16650,"menu_order":0,"comment_status":"closed","ping_status":"closed","template":"elementor_header_footer","meta":{"footnotes":""},"class_list":["post-20645","page","type-page","status-publish","hentry"],"_links":{"self":[{"href":"https:\/\/royalhomealanya.com\/da\/wp-json\/wp\/v2\/pages\/20645","targetHints":{"allow":["GET"]}}],"collection":[{"href":"https:\/\/royalhomealanya.com\/da\/wp-json\/wp\/v2\/pages"}],"about":[{"href":"https:\/\/royalhomealanya.com\/da\/wp-json\/wp\/v2\/types\/page"}],"author":[{"embeddable":true,"href":"https:\/\/royalhomealanya.com\/da\/wp-json\/wp\/v2\/users\/1"}],"replies":[{"embeddable":true,"href":"https:\/\/royalhomealanya.com\/da\/wp-json\/wp\/v2\/comments?post=20645"}],"version-history":[{"count":59,"href":"https:\/\/royalhomealanya.com\/da\/wp-json\/wp\/v2\/pages\/20645\/revisions"}],"predecessor-version":[{"id":22070,"href":"https:\/\/royalhomealanya.com\/da\/wp-json\/wp\/v2\/pages\/20645\/revisions\/22070"}],"up":[{"embeddable":true,"href":"https:\/\/royalhomealanya.com\/da\/wp-json\/wp\/v2\/pages\/16650"}],"wp:attachment":[{"href":"https:\/\/royalhomealanya.com\/da\/wp-json\/wp\/v2\/media?parent=20645"}],"curies":[{"name":"wp","href":"https:\/\/api.w.org\/{rel}","templated":true}]}}