
{"id":20512,"date":"2024-02-11T18:51:30","date_gmt":"2024-02-11T18:51:30","guid":{"rendered":"https:\/\/royalhomealanya.com\/?page_id=20512"},"modified":"2024-12-23T12:50:54","modified_gmt":"2024-12-23T12:50:54","slug":"firma-profil","status":"publish","type":"page","link":"https:\/\/royalhomealanya.com\/da\/about\/firma-profil\/","title":{"rendered":"FIRMA PROFIL"},"content":{"rendered":"\t\t<div data-elementor-type=\"wp-page\" data-elementor-id=\"20512\" class=\"elementor elementor-20512\" data-elementor-post-type=\"page\">\n\t\t\t\t\t\t<section class=\"elementor-section elementor-top-section elementor-element elementor-element-4149d17 elementor-section-boxed elementor-section-height-default elementor-section-height-default\" data-id=\"4149d17\" data-element_type=\"section\" data-settings=\"{&quot;background_background&quot;:&quot;classic&quot;}\">\n\t\t\t\t\t\t<div class=\"elementor-container elementor-column-gap-default\">\n\t\t\t\t\t<div class=\"elementor-column elementor-col-33 elementor-top-column elementor-element elementor-element-c4244e7\" data-id=\"c4244e7\" data-element_type=\"column\">\n\t\t\t<div class=\"elementor-widget-wrap\">\n\t\t\t\t\t\t\t<\/div>\n\t\t<\/div>\n\t\t\t\t<div class=\"elementor-column elementor-col-33 elementor-top-column elementor-element elementor-element-e56874c\" data-id=\"e56874c\" data-element_type=\"column\">\n\t\t\t<div class=\"elementor-widget-wrap elementor-element-populated\">\n\t\t\t\t\t\t<div class=\"elementor-element elementor-element-fcfafbb elementor-widget elementor-widget-heading\" data-id=\"fcfafbb\" data-element_type=\"widget\" data-widget_type=\"heading.default\">\n\t\t\t\t<div class=\"elementor-widget-container\">\n\t\t\t\t\t<h2 class=\"elementor-heading-title elementor-size-default\">OM OS<\/h2>\t\t\t\t<\/div>\n\t\t\t\t<\/div>\n\t\t\t\t<div class=\"elementor-element elementor-element-a87d876 elementor-widget elementor-widget-heading\" data-id=\"a87d876\" data-element_type=\"widget\" data-widget_type=\"heading.default\">\n\t\t\t\t<div class=\"elementor-widget-container\">\n\t\t\t\t\t<h2 class=\"elementor-heading-title elementor-size-default\">FIRMA PROFIL<\/h2>\t\t\t\t<\/div>\n\t\t\t\t<\/div>\n\t\t\t\t\t<\/div>\n\t\t<\/div>\n\t\t\t\t<div class=\"elementor-column elementor-col-33 elementor-top-column elementor-element elementor-element-e3109f6\" data-id=\"e3109f6\" data-element_type=\"column\">\n\t\t\t<div class=\"elementor-widget-wrap\">\n\t\t\t\t\t\t\t<\/div>\n\t\t<\/div>\n\t\t\t\t\t<\/div>\n\t\t<\/section>\n\t\t\t\t<section class=\"elementor-section elementor-top-section elementor-element elementor-element-2aa3691 elementor-section-boxed elementor-section-height-default elementor-section-height-default\" data-id=\"2aa3691\" data-element_type=\"section\" data-settings=\"{&quot;background_background&quot;:&quot;classic&quot;}\">\n\t\t\t\t\t\t<div class=\"elementor-container elementor-column-gap-default\">\n\t\t\t\t\t<div class=\"elementor-column elementor-col-50 elementor-top-column elementor-element elementor-element-3e9d2b8\" data-id=\"3e9d2b8\" data-element_type=\"column\">\n\t\t\t<div class=\"elementor-widget-wrap elementor-element-populated\">\n\t\t\t\t\t\t<div class=\"elementor-element elementor-element-227a1a6 animated-slow elementor-invisible elementor-widget elementor-widget-image\" data-id=\"227a1a6\" data-element_type=\"widget\" data-settings=\"{&quot;_animation&quot;:&quot;fadeInLeft&quot;,&quot;_animation_delay&quot;:600}\" data-widget_type=\"image.default\">\n\t\t\t\t<div class=\"elementor-widget-container\">\n\t\t\t\t\t\t\t\t\t\t\t\t\t\t\t<img fetchpriority=\"high\" decoding=\"async\" width=\"796\" height=\"793\" src=\"https:\/\/royalhomealanya.com\/wp-content\/uploads\/2024\/01\/ayhan-bey-photo.png\" class=\"attachment-large size-large wp-image-19857\" alt=\"\" srcset=\"https:\/\/royalhomealanya.com\/wp-content\/uploads\/2024\/01\/ayhan-bey-photo.png 796w, https:\/\/royalhomealanya.com\/wp-content\/uploads\/2024\/01\/ayhan-bey-photo-300x300.png 300w, https:\/\/royalhomealanya.com\/wp-content\/uploads\/2024\/01\/ayhan-bey-photo-150x150.png 150w, https:\/\/royalhomealanya.com\/wp-content\/uploads\/2024\/01\/ayhan-bey-photo-768x765.png 768w, https:\/\/royalhomealanya.com\/wp-content\/uploads\/2024\/01\/ayhan-bey-photo-12x12.png 12w, https:\/\/royalhomealanya.com\/wp-content\/uploads\/2024\/01\/ayhan-bey-photo-602x600.png 602w, https:\/\/royalhomealanya.com\/wp-content\/uploads\/2024\/01\/ayhan-bey-photo-496x494.png 496w\" sizes=\"(max-width: 796px) 100vw, 796px\" \/>\t\t\t\t\t\t\t\t\t\t\t\t\t\t\t<\/div>\n\t\t\t\t<\/div>\n\t\t\t\t\t<\/div>\n\t\t<\/div>\n\t\t\t\t<div class=\"elementor-column elementor-col-50 elementor-top-column elementor-element elementor-element-ba2ced4\" data-id=\"ba2ced4\" data-element_type=\"column\">\n\t\t\t<div class=\"elementor-widget-wrap elementor-element-populated\">\n\t\t\t\t\t\t<div class=\"elementor-element elementor-element-4ad3af8 elementor-widget elementor-widget-heading\" data-id=\"4ad3af8\" data-element_type=\"widget\" data-widget_type=\"heading.default\">\n\t\t\t\t<div class=\"elementor-widget-container\">\n\t\t\t\t\t<h2 class=\"elementor-heading-title elementor-size-default\">K\u00e6re\u00a0alle<\/h2>\t\t\t\t<\/div>\n\t\t\t\t<\/div>\n\t\t\t\t<div class=\"elementor-element elementor-element-808e45a elementor-widget elementor-widget-text-editor\" data-id=\"808e45a\" data-element_type=\"widget\" data-widget_type=\"text-editor.default\">\n\t\t\t\t<div class=\"elementor-widget-container\">\n\t\t\t\t\t\t\t\t\t<p>K\u00e6re alle,<\/p><p>Mit navn er Ayhan Orhan. Jeg er dansk\/tyrkisk statsborger, gift og far til tre b\u00f8rn. Jeg taler dansk, tyrkisk og engelsk flydende, hvilket giver mig mulighed for at kommunikere med en bred vifte af kunder.<\/p><p>Tak, fordi du tager dig tid til at l\u00e6re mere om RHA Real Estate. Det er en \u00e6re at kunne dele vores historie, vision og engagement i at levere ejendomsl\u00f8sninger i verdensklasse med dig.<\/p><p>Siden vores etablering i 2011 har vi arbejdet dedikeret p\u00e5 at give vores kunder exceptionel service \u2013 hvad enten det drejer sig om k\u00f8b, salg, leje eller administration af ejendomme. Vi har opbygget en virksomhed baseret p\u00e5 kernev\u00e6rdier som integritet, professionalisme og innovation.<\/p><p>Vores team best\u00e5r af erfarne fagfolk med dyb indsigt i ejendomsmarkedet. Vi kombinerer vores ekspertise med banebrydende teknologi og en kundecentreret tilgang for at sikre, at vi altid leverer resultater, der overstiger dine forventninger.<\/p><p>Vores mission og vision:<br \/>Vi str\u00e6ber efter at v\u00e6re en f\u00f8rende akt\u00f8r i ejendomsbranchen ved konstant at forbedre vores processer, investere i vores teams udvikling og anvende de nyeste teknologiske l\u00f8sninger. Vores m\u00e5l er at s\u00e6tte en ny standard for ekspertise i branchen.<\/p><p>Hos RHA Real Estate tilbyder vi skr\u00e6ddersyede l\u00f8sninger til alle dine ejendomsbehov, uanset om du \u00f8nsker at k\u00f8be, s\u00e6lge, leje eller investere. Vi guider dig sikkert gennem hele processen med personlig opm\u00e6rksomhed og en problemfri oplevelse.<\/p><p>For at sikre, at alle juridiske aftaler udf\u00f8res korrekt, samarbejder vi med advokat Didem Elvan og Zahide \u00a0Tanrili Kayaalp. Dette giver dig som kunde tryghed for, at alle transaktioner h\u00e5ndteres efter bogen.<\/p><p>Tak, fordi du overvejer RHA Real Estate til dine ejendomsbehov. Vi ser frem til at opbygge et st\u00e6rkt og succesfuldt partnerskab med dig.<\/p><p>De bedste hilsner,<\/p><p><br \/><strong>Ayhan Orhan<\/strong><br \/><strong>Ejer, RHA Real Estate<\/strong><\/p><p>\u00a0<\/p><p>\u00a0<\/p><h4 class=\"top-card-layout__headline break-words font-sans text-md leading-open text-color-text\">\u00a0<\/h4>\t\t\t\t\t\t\t\t<\/div>\n\t\t\t\t<\/div>\n\t\t\t\t\t<\/div>\n\t\t<\/div>\n\t\t\t\t\t<\/div>\n\t\t<\/section>\n\t\t\t\t<\/div>\n\t\t","protected":false},"excerpt":{"rendered":"<p>OM OS FIRMA PROFIL K\u00e6re\u00a0alle K\u00e6re alle, Mit navn er Ayhan Orhan. Jeg er dansk\/tyrkisk statsborger, gift og far til tre b\u00f8rn. Jeg taler dansk, tyrkisk og engelsk flydende, hvilket giver mig mulighed for at kommunikere med en bred vifte af kunder. Tak, fordi du tager dig tid til at l\u00e6re mere om RHA Real [&hellip;]<\/p>\n","protected":false},"author":1,"featured_media":0,"parent":16650,"menu_order":0,"comment_status":"closed","ping_status":"closed","template":"elementor_header_footer","meta":{"footnotes":""},"class_list":["post-20512","page","type-page","status-publish","hentry"],"_links":{"self":[{"href":"https:\/\/royalhomealanya.com\/da\/wp-json\/wp\/v2\/pages\/20512","targetHints":{"allow":["GET"]}}],"collection":[{"href":"https:\/\/royalhomealanya.com\/da\/wp-json\/wp\/v2\/pages"}],"about":[{"href":"https:\/\/royalhomealanya.com\/da\/wp-json\/wp\/v2\/types\/page"}],"author":[{"embeddable":true,"href":"https:\/\/royalhomealanya.com\/da\/wp-json\/wp\/v2\/users\/1"}],"replies":[{"embeddable":true,"href":"https:\/\/royalhomealanya.com\/da\/wp-json\/wp\/v2\/comments?post=20512"}],"version-history":[{"count":31,"href":"https:\/\/royalhomealanya.com\/da\/wp-json\/wp\/v2\/pages\/20512\/revisions"}],"predecessor-version":[{"id":22064,"href":"https:\/\/royalhomealanya.com\/da\/wp-json\/wp\/v2\/pages\/20512\/revisions\/22064"}],"up":[{"embeddable":true,"href":"https:\/\/royalhomealanya.com\/da\/wp-json\/wp\/v2\/pages\/16650"}],"wp:attachment":[{"href":"https:\/\/royalhomealanya.com\/da\/wp-json\/wp\/v2\/media?parent=20512"}],"curies":[{"name":"wp","href":"https:\/\/api.w.org\/{rel}","templated":true}]}}