
{"id":20310,"date":"2024-01-31T12:24:59","date_gmt":"2024-01-31T12:24:59","guid":{"rendered":"https:\/\/royalhomealanya.com\/?page_id=20310"},"modified":"2024-02-01T12:10:32","modified_gmt":"2024-02-01T12:10:32","slug":"places","status":"publish","type":"page","link":"https:\/\/royalhomealanya.com\/da\/places\/","title":{"rendered":"Places"},"content":{"rendered":"\t\t<div data-elementor-type=\"wp-page\" data-elementor-id=\"20310\" class=\"elementor elementor-20310\" data-elementor-post-type=\"page\">\n\t\t\t\t\t\t<section class=\"elementor-section elementor-top-section elementor-element elementor-element-9d76071 elementor-section-boxed elementor-section-height-default elementor-section-height-default\" data-id=\"9d76071\" data-element_type=\"section\" data-settings=\"{&quot;background_background&quot;:&quot;classic&quot;}\">\n\t\t\t\t\t\t<div class=\"elementor-container elementor-column-gap-default\">\n\t\t\t\t\t<div class=\"elementor-column elementor-col-100 elementor-top-column elementor-element elementor-element-6702501\" data-id=\"6702501\" data-element_type=\"column\">\n\t\t\t<div class=\"elementor-widget-wrap elementor-element-populated\">\n\t\t\t\t\t\t<section class=\"elementor-section elementor-inner-section elementor-element elementor-element-ec07217 elementor-section-boxed elementor-section-height-default elementor-section-height-default\" data-id=\"ec07217\" data-element_type=\"section\">\n\t\t\t\t\t\t<div class=\"elementor-container elementor-column-gap-default\">\n\t\t\t\t\t<div class=\"elementor-column elementor-col-100 elementor-inner-column elementor-element elementor-element-c4fb4e6\" data-id=\"c4fb4e6\" data-element_type=\"column\">\n\t\t\t<div class=\"elementor-widget-wrap elementor-element-populated\">\n\t\t\t\t\t\t<div class=\"elementor-element elementor-element-823bc95 elementor-widget elementor-widget-heading\" data-id=\"823bc95\" data-element_type=\"widget\" data-widget_type=\"heading.default\">\n\t\t\t\t<div class=\"elementor-widget-container\">\n\t\t\t\t\t<h2 class=\"elementor-heading-title elementor-size-default\">Popul\u00e6re <span style=\"color: #222222\"> Steder<\/span> <\/h2>\t\t\t\t<\/div>\n\t\t\t\t<\/div>\n\t\t\t\t<div class=\"elementor-element elementor-element-7ff16a7 elementor-widget elementor-widget-text-editor\" data-id=\"7ff16a7\" data-element_type=\"widget\" data-settings=\"{&quot;_animation&quot;:&quot;none&quot;,&quot;_animation_delay&quot;:200}\" data-widget_type=\"text-editor.default\">\n\t\t\t\t<div class=\"elementor-widget-container\">\n\t\t\t\t\t\t\t\t\t<p>S\u00f8g Din Ejendom Efter Omr\u00e5der. Lad vores boligk\u00f8bsr\u00e5dgivere hj\u00e6lpe dig med at finde det perfekte sted til dit n\u00e6ste hjem. Vi kan tilbyde dybdeg\u00e5ende indsigt og vurderinger af ejendommen, der opfylder dine behov.<\/p>\t\t\t\t\t\t\t\t<\/div>\n\t\t\t\t<\/div>\n\t\t\t\t<div class=\"elementor-element elementor-element-1ac47bc elementor-widget elementor-widget-houzez_elementor_space\" data-id=\"1ac47bc\" data-element_type=\"widget\" data-widget_type=\"houzez_elementor_space.default\">\n\t\t\t\t<div class=\"elementor-widget-container\">\n\t\t\t\t\t        <div class=\"houzez-spacer\">\n            <div class=\"houzez-spacer-inner\"><\/div>\n        <\/div>\n        \t\t\t\t<\/div>\n\t\t\t\t<\/div>\n\t\t\t\t\t<\/div>\n\t\t<\/div>\n\t\t\t\t\t<\/div>\n\t\t<\/section>\n\t\t\t\t<div class=\"elementor-element elementor-element-d5757fe elementor-widget elementor-widget-houzez_elementor_grids\" data-id=\"d5757fe\" data-element_type=\"widget\" data-widget_type=\"houzez_elementor_grids.default\">\n\t\t\t\t<div class=\"elementor-widget-container\">\n\t\t\t\t\t\t\t<div class=\"taxonomy-grids-module taxonomy-grids-module-v1\">\r\n    \t\t<div class=\"row\">\r\n\t\t\t\t\t\t\t\t\t\t<div class=\"col-lg-6 col-md-12\">\r\n            \t\t\t\t<div class=\"taxonomy-item-rectangle\">\r\n\t\t\t\t\t\t\t\t<div class=\"taxonomy-item \" style=\"background-image: url(https:\/\/royalhomealanya.com\/wp-content\/uploads\/2023\/02\/location-area-alanya-cikcilli.jpg);\">\r\n\t\t\t\t\t\t\t\t\t<a class=\"taxonomy-link hover-effect-flat\" href=\"https:\/\/royalhomealanya.com\/da\/area\/cikcilli\/\">\r\n\t\t\t\t\t\t\t\t\t\t<div class=\"taxonomy-text-wrap\">\r\n\t\t\t\t\t\t\t\t\t\t\t<div class=\"taxonomy-title\">Cikcilli<\/div>\r\n\t\t\t\t\t\t\t\t\t\t\t\r\n\t\t\t\t\t\t\t\t\t\t\t\t\t\t\t\t\t\t\t\t\t\t<div class=\"taxonomy-subtitle\">\r\n\t\t\t\t\t\t\t\t\t\t\t\t3 \r\n\t\t\t\t\t\t\t\t\t\t\t\tEjendomme\t\t\t\t\t\t\t\t\t\t\t<\/div>\r\n\t\t\t\t\t\t\t\t\t\t\t\t\t\t\t\t\t\t\t\t\t<\/div><!-- taxonomy-text-wrap -->\r\n\t\t\t\t\t\t\t\t\t<\/a>\r\n\t\t\t\t\t\t\t\t<\/div>\r\n\t\t\t\t\t\t\t<\/div>\r\n\t\t\t\t\t\t<\/div>\r\n\r\n\t\t\t\t\t\t\t\t\t\t\t\t<div class=\"col-lg-3 col-md-6 col-sm-6\">\r\n            \t\t\t\t<div class=\"taxonomy-item-square\">\r\n\t\t\t\t\t\t\t\t<div class=\"taxonomy-item \" style=\"background-image: url(https:\/\/royalhomealanya.com\/wp-content\/uploads\/2023\/02\/location-area-alanya-cikcilli.jpg);\">\r\n\t\t\t\t\t\t\t\t\t<a class=\"taxonomy-link hover-effect-flat\" href=\"https:\/\/royalhomealanya.com\/da\/area\/oba\/\">\r\n\t\t\t\t\t\t\t\t\t\t<div class=\"taxonomy-text-wrap\">\r\n\t\t\t\t\t\t\t\t\t\t\t<div class=\"taxonomy-title\">Oba<\/div>\r\n\t\t\t\t\t\t\t\t\t\t\t\r\n\t\t\t\t\t\t\t\t\t\t\t\t\t\t\t\t\t\t\t\t\t\t<div class=\"taxonomy-subtitle\">\r\n\t\t\t\t\t\t\t\t\t\t\t\t3 \r\n\t\t\t\t\t\t\t\t\t\t\t\tEjendomme\t\t\t\t\t\t\t\t\t\t\t<\/div>\r\n\t\t\t\t\t\t\t\t\t\t\t\t\t\t\t\t\t\t\t\t\t<\/div><!-- taxonomy-text-wrap -->\r\n\t\t\t\t\t\t\t\t\t<\/a>\r\n\t\t\t\t\t\t\t\t<\/div>\r\n\t\t\t\t\t\t\t<\/div>\r\n\t\t\t\t\t\t<\/div>\r\n\r\n\t\t\t\t\t\t\t\t\t\t\t\t<div class=\"col-lg-3 col-md-6 col-sm-6\">\r\n            \t\t\t\t<div class=\"taxonomy-item-square\">\r\n\t\t\t\t\t\t\t\t<div class=\"taxonomy-item \" style=\"background-image: url(https:\/\/royalhomealanya.com\/wp-content\/uploads\/2024\/02\/location-area-alanya-gullerpinari.jpg);\">\r\n\t\t\t\t\t\t\t\t\t<a class=\"taxonomy-link hover-effect-flat\" href=\"https:\/\/royalhomealanya.com\/da\/area\/gullerpinari\/\">\r\n\t\t\t\t\t\t\t\t\t\t<div class=\"taxonomy-text-wrap\">\r\n\t\t\t\t\t\t\t\t\t\t\t<div class=\"taxonomy-title\">G\u00fcllerp\u0131nar\u0131<\/div>\r\n\t\t\t\t\t\t\t\t\t\t\t\r\n\t\t\t\t\t\t\t\t\t\t\t\t\t\t\t\t\t\t\t\t\t\t<div class=\"taxonomy-subtitle\">\r\n\t\t\t\t\t\t\t\t\t\t\t\t1 \r\n\t\t\t\t\t\t\t\t\t\t\t\tEjendom\t\t\t\t\t\t\t\t\t\t\t<\/div>\r\n\t\t\t\t\t\t\t\t\t\t\t\t\t\t\t\t\t\t\t\t\t<\/div><!-- taxonomy-text-wrap -->\r\n\t\t\t\t\t\t\t\t\t<\/a>\r\n\t\t\t\t\t\t\t\t<\/div>\r\n\t\t\t\t\t\t\t<\/div>\r\n\t\t\t\t\t\t<\/div>\r\n\r\n\t\t\t\t\t\t\t\t\t\t\t\t<div class=\"col-lg-3 col-md-6 col-sm-6\">\r\n            \t\t\t\t<div class=\"taxonomy-item-square\">\r\n\t\t\t\t\t\t\t\t<div class=\"taxonomy-item \" style=\"background-image: url(https:\/\/royalhomealanya.com\/wp-content\/uploads\/2024\/02\/location-area-alanya-konakli.jpg);\">\r\n\t\t\t\t\t\t\t\t\t<a class=\"taxonomy-link hover-effect-flat\" href=\"https:\/\/royalhomealanya.com\/da\/area\/konakli\/\">\r\n\t\t\t\t\t\t\t\t\t\t<div class=\"taxonomy-text-wrap\">\r\n\t\t\t\t\t\t\t\t\t\t\t<div class=\"taxonomy-title\">Konakl\u0131<\/div>\r\n\t\t\t\t\t\t\t\t\t\t\t\r\n\t\t\t\t\t\t\t\t\t\t\t\t\t\t\t\t\t\t\t\t\t\t<div class=\"taxonomy-subtitle\">\r\n\t\t\t\t\t\t\t\t\t\t\t\t0 \r\n\t\t\t\t\t\t\t\t\t\t\t\tEjendom\t\t\t\t\t\t\t\t\t\t\t<\/div>\r\n\t\t\t\t\t\t\t\t\t\t\t\t\t\t\t\t\t\t\t\t\t<\/div><!-- taxonomy-text-wrap -->\r\n\t\t\t\t\t\t\t\t\t<\/a>\r\n\t\t\t\t\t\t\t\t<\/div>\r\n\t\t\t\t\t\t\t<\/div>\r\n\t\t\t\t\t\t<\/div>\r\n\r\n\t\t\t\t\t\t\t\t\t\t\t\t<div class=\"col-lg-3 col-md-6 col-sm-6\">\r\n            \t\t\t\t<div class=\"taxonomy-item-square\">\r\n\t\t\t\t\t\t\t\t<div class=\"taxonomy-item \" style=\"background-image: url(https:\/\/royalhomealanya.com\/wp-content\/uploads\/2024\/01\/mahmutlar-area.jpg);\">\r\n\t\t\t\t\t\t\t\t\t<a class=\"taxonomy-link hover-effect-flat\" href=\"https:\/\/royalhomealanya.com\/da\/area\/mahmutlar\/\">\r\n\t\t\t\t\t\t\t\t\t\t<div class=\"taxonomy-text-wrap\">\r\n\t\t\t\t\t\t\t\t\t\t\t<div class=\"taxonomy-title\">Mahmutlar<\/div>\r\n\t\t\t\t\t\t\t\t\t\t\t\r\n\t\t\t\t\t\t\t\t\t\t\t\t\t\t\t\t\t\t\t\t\t\t<div class=\"taxonomy-subtitle\">\r\n\t\t\t\t\t\t\t\t\t\t\t\t0 \r\n\t\t\t\t\t\t\t\t\t\t\t\tEjendom\t\t\t\t\t\t\t\t\t\t\t<\/div>\r\n\t\t\t\t\t\t\t\t\t\t\t\t\t\t\t\t\t\t\t\t\t<\/div><!-- taxonomy-text-wrap -->\r\n\t\t\t\t\t\t\t\t\t<\/a>\r\n\t\t\t\t\t\t\t\t<\/div>\r\n\t\t\t\t\t\t\t<\/div>\r\n\t\t\t\t\t\t<\/div>\r\n\r\n\t\t\t\t\t\t\t\t\t\t\t\t<div class=\"col-lg-6 col-md-12\">\r\n            \t\t\t\t<div class=\"taxonomy-item-rectangle\">\r\n\t\t\t\t\t\t\t\t<div class=\"taxonomy-item \" style=\"background-image: url(https:\/\/royalhomealanya.com\/wp-content\/uploads\/2024\/02\/location-area-alanya-okurcalar.jpg);\">\r\n\t\t\t\t\t\t\t\t\t<a class=\"taxonomy-link hover-effect-flat\" href=\"https:\/\/royalhomealanya.com\/da\/area\/okurcalar\/\">\r\n\t\t\t\t\t\t\t\t\t\t<div class=\"taxonomy-text-wrap\">\r\n\t\t\t\t\t\t\t\t\t\t\t<div class=\"taxonomy-title\">Okurcalar<\/div>\r\n\t\t\t\t\t\t\t\t\t\t\t\r\n\t\t\t\t\t\t\t\t\t\t\t\t\t\t\t\t\t\t\t\t\t\t<div class=\"taxonomy-subtitle\">\r\n\t\t\t\t\t\t\t\t\t\t\t\t0 \r\n\t\t\t\t\t\t\t\t\t\t\t\tEjendom\t\t\t\t\t\t\t\t\t\t\t<\/div>\r\n\t\t\t\t\t\t\t\t\t\t\t\t\t\t\t\t\t\t\t\t\t<\/div><!-- taxonomy-text-wrap -->\r\n\t\t\t\t\t\t\t\t\t<\/a>\r\n\t\t\t\t\t\t\t\t<\/div>\r\n\t\t\t\t\t\t\t<\/div>\r\n\t\t\t\t\t\t<\/div>\r\n\r\n\t\t\t\t\t\t\t\t\t\t\t\t<div class=\"col-lg-6 col-md-12\">\r\n            \t\t\t\t<div class=\"taxonomy-item-rectangle\">\r\n\t\t\t\t\t\t\t\t<div class=\"taxonomy-item \" style=\"background-image: url(https:\/\/royalhomealanya.com\/wp-content\/uploads\/2023\/02\/location-area-alanya-avsallar.jpg);\">\r\n\t\t\t\t\t\t\t\t\t<a class=\"taxonomy-link hover-effect-flat\" href=\"https:\/\/royalhomealanya.com\/da\/area\/avsallar\/\">\r\n\t\t\t\t\t\t\t\t\t\t<div class=\"taxonomy-text-wrap\">\r\n\t\t\t\t\t\t\t\t\t\t\t<div class=\"taxonomy-title\">Avsallar<\/div>\r\n\t\t\t\t\t\t\t\t\t\t\t\r\n\t\t\t\t\t\t\t\t\t\t\t\t\t\t\t\t\t\t\t\t\t\t<div class=\"taxonomy-subtitle\">\r\n\t\t\t\t\t\t\t\t\t\t\t\t0 \r\n\t\t\t\t\t\t\t\t\t\t\t\tEjendom\t\t\t\t\t\t\t\t\t\t\t<\/div>\r\n\t\t\t\t\t\t\t\t\t\t\t\t\t\t\t\t\t\t\t\t\t<\/div><!-- taxonomy-text-wrap -->\r\n\t\t\t\t\t\t\t\t\t<\/a>\r\n\t\t\t\t\t\t\t\t<\/div>\r\n\t\t\t\t\t\t\t<\/div>\r\n\t\t\t\t\t\t<\/div>\r\n\r\n\t\t\t\t\t\t\t\t\t\t\t\t<div class=\"col-lg-3 col-md-6 col-sm-6\">\r\n            \t\t\t\t<div class=\"taxonomy-item-square\">\r\n\t\t\t\t\t\t\t\t<div class=\"taxonomy-item \" style=\"background-image: url(https:\/\/royalhomealanya.com\/wp-content\/uploads\/2024\/02\/location-area-alanya-payallar.jpg);\">\r\n\t\t\t\t\t\t\t\t\t<a class=\"taxonomy-link hover-effect-flat\" href=\"https:\/\/royalhomealanya.com\/da\/area\/payallar\/\">\r\n\t\t\t\t\t\t\t\t\t\t<div class=\"taxonomy-text-wrap\">\r\n\t\t\t\t\t\t\t\t\t\t\t<div class=\"taxonomy-title\">Payallar<\/div>\r\n\t\t\t\t\t\t\t\t\t\t\t\r\n\t\t\t\t\t\t\t\t\t\t\t\t\t\t\t\t\t\t\t\t\t\t<div class=\"taxonomy-subtitle\">\r\n\t\t\t\t\t\t\t\t\t\t\t\t0 \r\n\t\t\t\t\t\t\t\t\t\t\t\tEjendom\t\t\t\t\t\t\t\t\t\t\t<\/div>\r\n\t\t\t\t\t\t\t\t\t\t\t\t\t\t\t\t\t\t\t\t\t<\/div><!-- taxonomy-text-wrap -->\r\n\t\t\t\t\t\t\t\t\t<\/a>\r\n\t\t\t\t\t\t\t\t<\/div>\r\n\t\t\t\t\t\t\t<\/div>\r\n\t\t\t\t\t\t<\/div>\r\n\r\n\t\t\t\t\t\t\t\t\t\t\t\t<div class=\"col-lg-3 col-md-6 col-sm-6\">\r\n            \t\t\t\t<div class=\"taxonomy-item-square\">\r\n\t\t\t\t\t\t\t\t<div class=\"taxonomy-item \" style=\"background-image: url(https:\/\/royalhomealanya.com\/wp-content\/uploads\/2024\/02\/location-area-alanya-tepe.jpg);\">\r\n\t\t\t\t\t\t\t\t\t<a class=\"taxonomy-link hover-effect-flat\" href=\"https:\/\/royalhomealanya.com\/da\/area\/tepe\/\">\r\n\t\t\t\t\t\t\t\t\t\t<div class=\"taxonomy-text-wrap\">\r\n\t\t\t\t\t\t\t\t\t\t\t<div class=\"taxonomy-title\">Tepe<\/div>\r\n\t\t\t\t\t\t\t\t\t\t\t\r\n\t\t\t\t\t\t\t\t\t\t\t\t\t\t\t\t\t\t\t\t\t\t<div class=\"taxonomy-subtitle\">\r\n\t\t\t\t\t\t\t\t\t\t\t\t0 \r\n\t\t\t\t\t\t\t\t\t\t\t\tEjendom\t\t\t\t\t\t\t\t\t\t\t<\/div>\r\n\t\t\t\t\t\t\t\t\t\t\t\t\t\t\t\t\t\t\t\t\t<\/div><!-- taxonomy-text-wrap -->\r\n\t\t\t\t\t\t\t\t\t<\/a>\r\n\t\t\t\t\t\t\t\t<\/div>\r\n\t\t\t\t\t\t\t<\/div>\r\n\t\t\t\t\t\t<\/div>\r\n\r\n\t\t\t\t\t\t\t\t\t\t\t\t<div class=\"col-lg-3 col-md-6 col-sm-6\">\r\n            \t\t\t\t<div class=\"taxonomy-item-square\">\r\n\t\t\t\t\t\t\t\t<div class=\"taxonomy-item \" style=\"background-image: url(https:\/\/royalhomealanya.com\/wp-content\/uploads\/2024\/01\/tosmur-area.jpg);\">\r\n\t\t\t\t\t\t\t\t\t<a class=\"taxonomy-link hover-effect-flat\" href=\"https:\/\/royalhomealanya.com\/da\/area\/tosmur\/\">\r\n\t\t\t\t\t\t\t\t\t\t<div class=\"taxonomy-text-wrap\">\r\n\t\t\t\t\t\t\t\t\t\t\t<div class=\"taxonomy-title\">Tosmur<\/div>\r\n\t\t\t\t\t\t\t\t\t\t\t\r\n\t\t\t\t\t\t\t\t\t\t\t\t\t\t\t\t\t\t\t\t\t\t<div class=\"taxonomy-subtitle\">\r\n\t\t\t\t\t\t\t\t\t\t\t\t0 \r\n\t\t\t\t\t\t\t\t\t\t\t\tEjendom\t\t\t\t\t\t\t\t\t\t\t<\/div>\r\n\t\t\t\t\t\t\t\t\t\t\t\t\t\t\t\t\t\t\t\t\t<\/div><!-- taxonomy-text-wrap -->\r\n\t\t\t\t\t\t\t\t\t<\/a>\r\n\t\t\t\t\t\t\t\t<\/div>\r\n\t\t\t\t\t\t\t<\/div>\r\n\t\t\t\t\t\t<\/div>\r\n\r\n\t\t\t\t\t\t\t\t\t\t\t\t<div class=\"col-lg-3 col-md-6 col-sm-6\">\r\n            \t\t\t\t<div class=\"taxonomy-item-square\">\r\n\t\t\t\t\t\t\t\t<div class=\"taxonomy-item \" style=\"background-image: url(https:\/\/royalhomealanya.com\/wp-content\/uploads\/2024\/02\/location-area-alanya-turkler.jpg);\">\r\n\t\t\t\t\t\t\t\t\t<a class=\"taxonomy-link hover-effect-flat\" href=\"https:\/\/royalhomealanya.com\/da\/area\/turkler\/\">\r\n\t\t\t\t\t\t\t\t\t\t<div class=\"taxonomy-text-wrap\">\r\n\t\t\t\t\t\t\t\t\t\t\t<div class=\"taxonomy-title\">T\u00fcrkler<\/div>\r\n\t\t\t\t\t\t\t\t\t\t\t\r\n\t\t\t\t\t\t\t\t\t\t\t\t\t\t\t\t\t\t\t\t\t\t<div class=\"taxonomy-subtitle\">\r\n\t\t\t\t\t\t\t\t\t\t\t\t0 \r\n\t\t\t\t\t\t\t\t\t\t\t\tEjendom\t\t\t\t\t\t\t\t\t\t\t<\/div>\r\n\t\t\t\t\t\t\t\t\t\t\t\t\t\t\t\t\t\t\t\t\t<\/div><!-- taxonomy-text-wrap -->\r\n\t\t\t\t\t\t\t\t\t<\/a>\r\n\t\t\t\t\t\t\t\t<\/div>\r\n\t\t\t\t\t\t\t<\/div>\r\n\t\t\t\t\t\t<\/div>\r\n\r\n\t\t\t\t\t\t\t\t\t\t\t\t<div class=\"col-lg-6 col-md-12\">\r\n            \t\t\t\t<div class=\"taxonomy-item-rectangle\">\r\n\t\t\t\t\t\t\t\t<div class=\"taxonomy-item \" style=\"background-image: url(https:\/\/royalhomealanya.com\/wp-content\/uploads\/2024\/02\/location-area-alanya-kizlarpinari.jpg);\">\r\n\t\t\t\t\t\t\t\t\t<a class=\"taxonomy-link hover-effect-flat\" href=\"https:\/\/royalhomealanya.com\/da\/area\/kizlarpinari\/\">\r\n\t\t\t\t\t\t\t\t\t\t<div class=\"taxonomy-text-wrap\">\r\n\t\t\t\t\t\t\t\t\t\t\t<div class=\"taxonomy-title\">K\u0131zlarp\u0131nar\u0131<\/div>\r\n\t\t\t\t\t\t\t\t\t\t\t\r\n\t\t\t\t\t\t\t\t\t\t\t\t\t\t\t\t\t\t\t\t\t\t<div class=\"taxonomy-subtitle\">\r\n\t\t\t\t\t\t\t\t\t\t\t\t0 \r\n\t\t\t\t\t\t\t\t\t\t\t\tEjendom\t\t\t\t\t\t\t\t\t\t\t<\/div>\r\n\t\t\t\t\t\t\t\t\t\t\t\t\t\t\t\t\t\t\t\t\t<\/div><!-- taxonomy-text-wrap -->\r\n\t\t\t\t\t\t\t\t\t<\/a>\r\n\t\t\t\t\t\t\t\t<\/div>\r\n\t\t\t\t\t\t\t<\/div>\r\n\t\t\t\t\t\t<\/div>\r\n\r\n\t\t\t\t\t\t\t\t\t\t\t\t<div class=\"col-lg-6 col-md-12\">\r\n            \t\t\t\t<div class=\"taxonomy-item-rectangle\">\r\n\t\t\t\t\t\t\t\t<div class=\"taxonomy-item \" style=\"background-image: url(https:\/\/royalhomealanya.com\/wp-content\/uploads\/2024\/02\/location-area-alanya-kestel.jpg);\">\r\n\t\t\t\t\t\t\t\t\t<a class=\"taxonomy-link hover-effect-flat\" href=\"https:\/\/royalhomealanya.com\/da\/area\/kestel\/\">\r\n\t\t\t\t\t\t\t\t\t\t<div class=\"taxonomy-text-wrap\">\r\n\t\t\t\t\t\t\t\t\t\t\t<div class=\"taxonomy-title\">Kestel<\/div>\r\n\t\t\t\t\t\t\t\t\t\t\t\r\n\t\t\t\t\t\t\t\t\t\t\t\t\t\t\t\t\t\t\t\t\t\t<div class=\"taxonomy-subtitle\">\r\n\t\t\t\t\t\t\t\t\t\t\t\t0 \r\n\t\t\t\t\t\t\t\t\t\t\t\tEjendom\t\t\t\t\t\t\t\t\t\t\t<\/div>\r\n\t\t\t\t\t\t\t\t\t\t\t\t\t\t\t\t\t\t\t\t\t<\/div><!-- taxonomy-text-wrap -->\r\n\t\t\t\t\t\t\t\t\t<\/a>\r\n\t\t\t\t\t\t\t\t<\/div>\r\n\t\t\t\t\t\t\t<\/div>\r\n\t\t\t\t\t\t<\/div>\r\n\r\n\t\t\t\t\t\t\t\t\t\t\t\t<div class=\"col-lg-3 col-md-6 col-sm-6\">\r\n            \t\t\t\t<div class=\"taxonomy-item-square\">\r\n\t\t\t\t\t\t\t\t<div class=\"taxonomy-item \" style=\"background-image: url(https:\/\/royalhomealanya.com\/wp-content\/uploads\/2023\/02\/location-area-alanya-bektas.jpg);\">\r\n\t\t\t\t\t\t\t\t\t<a class=\"taxonomy-link hover-effect-flat\" href=\"https:\/\/royalhomealanya.com\/da\/area\/bektas\/\">\r\n\t\t\t\t\t\t\t\t\t\t<div class=\"taxonomy-text-wrap\">\r\n\t\t\t\t\t\t\t\t\t\t\t<div class=\"taxonomy-title\">Bekta\u015f<\/div>\r\n\t\t\t\t\t\t\t\t\t\t\t\r\n\t\t\t\t\t\t\t\t\t\t\t\t\t\t\t\t\t\t\t\t\t\t<div class=\"taxonomy-subtitle\">\r\n\t\t\t\t\t\t\t\t\t\t\t\t0 \r\n\t\t\t\t\t\t\t\t\t\t\t\tEjendom\t\t\t\t\t\t\t\t\t\t\t<\/div>\r\n\t\t\t\t\t\t\t\t\t\t\t\t\t\t\t\t\t\t\t\t\t<\/div><!-- taxonomy-text-wrap -->\r\n\t\t\t\t\t\t\t\t\t<\/a>\r\n\t\t\t\t\t\t\t\t<\/div>\r\n\t\t\t\t\t\t\t<\/div>\r\n\t\t\t\t\t\t<\/div>\r\n\r\n\t\t\t\t\t\t\t\t\t\t\t\t<div class=\"col-lg-3 col-md-6 col-sm-6\">\r\n            \t\t\t\t<div class=\"taxonomy-item-square\">\r\n\t\t\t\t\t\t\t\t<div class=\"taxonomy-item \" style=\"background-image: url(https:\/\/royalhomealanya.com\/wp-content\/uploads\/2024\/02\/location-area-alanya-ciplakli.jpg);\">\r\n\t\t\t\t\t\t\t\t\t<a class=\"taxonomy-link hover-effect-flat\" href=\"https:\/\/royalhomealanya.com\/da\/area\/ciplakli\/\">\r\n\t\t\t\t\t\t\t\t\t\t<div class=\"taxonomy-text-wrap\">\r\n\t\t\t\t\t\t\t\t\t\t\t<div class=\"taxonomy-title\">\u00c7\u0131plakl\u0131<\/div>\r\n\t\t\t\t\t\t\t\t\t\t\t\r\n\t\t\t\t\t\t\t\t\t\t\t\t\t\t\t\t\t\t\t\t\t\t<div class=\"taxonomy-subtitle\">\r\n\t\t\t\t\t\t\t\t\t\t\t\t0 \r\n\t\t\t\t\t\t\t\t\t\t\t\tEjendom\t\t\t\t\t\t\t\t\t\t\t<\/div>\r\n\t\t\t\t\t\t\t\t\t\t\t\t\t\t\t\t\t\t\t\t\t<\/div><!-- taxonomy-text-wrap -->\r\n\t\t\t\t\t\t\t\t\t<\/a>\r\n\t\t\t\t\t\t\t\t<\/div>\r\n\t\t\t\t\t\t\t<\/div>\r\n\t\t\t\t\t\t<\/div>\r\n\r\n\t\t\t\t\t\t\t\t\t\t\t\t<div class=\"col-lg-3 col-md-6 col-sm-6\">\r\n            \t\t\t\t<div class=\"taxonomy-item-square\">\r\n\t\t\t\t\t\t\t\t<div class=\"taxonomy-item \" style=\"background-image: url(https:\/\/royalhomealanya.com\/wp-content\/uploads\/2024\/02\/location-area-alanya-cumhuriyet.jpg);\">\r\n\t\t\t\t\t\t\t\t\t<a class=\"taxonomy-link hover-effect-flat\" href=\"https:\/\/royalhomealanya.com\/da\/area\/cumhuriyet\/\">\r\n\t\t\t\t\t\t\t\t\t\t<div class=\"taxonomy-text-wrap\">\r\n\t\t\t\t\t\t\t\t\t\t\t<div class=\"taxonomy-title\">Cumhuriyet<\/div>\r\n\t\t\t\t\t\t\t\t\t\t\t\r\n\t\t\t\t\t\t\t\t\t\t\t\t\t\t\t\t\t\t\t\t\t\t<div class=\"taxonomy-subtitle\">\r\n\t\t\t\t\t\t\t\t\t\t\t\t0 \r\n\t\t\t\t\t\t\t\t\t\t\t\tEjendom\t\t\t\t\t\t\t\t\t\t\t<\/div>\r\n\t\t\t\t\t\t\t\t\t\t\t\t\t\t\t\t\t\t\t\t\t<\/div><!-- taxonomy-text-wrap -->\r\n\t\t\t\t\t\t\t\t\t<\/a>\r\n\t\t\t\t\t\t\t\t<\/div>\r\n\t\t\t\t\t\t\t<\/div>\r\n\t\t\t\t\t\t<\/div>\r\n\r\n\t\t\t\t\t\t\t\t\t\t\t\t<div class=\"col-lg-3 col-md-6 col-sm-6\">\r\n            \t\t\t\t<div class=\"taxonomy-item-square\">\r\n\t\t\t\t\t\t\t\t<div class=\"taxonomy-item \" style=\"background-image: url(https:\/\/royalhomealanya.com\/wp-content\/uploads\/2024\/02\/location-area-alanya-demirtas.jpg);\">\r\n\t\t\t\t\t\t\t\t\t<a class=\"taxonomy-link hover-effect-flat\" href=\"https:\/\/royalhomealanya.com\/da\/area\/demirtas\/\">\r\n\t\t\t\t\t\t\t\t\t\t<div class=\"taxonomy-text-wrap\">\r\n\t\t\t\t\t\t\t\t\t\t\t<div class=\"taxonomy-title\">Demirta\u015f<\/div>\r\n\t\t\t\t\t\t\t\t\t\t\t\r\n\t\t\t\t\t\t\t\t\t\t\t\t\t\t\t\t\t\t\t\t\t\t<div class=\"taxonomy-subtitle\">\r\n\t\t\t\t\t\t\t\t\t\t\t\t0 \r\n\t\t\t\t\t\t\t\t\t\t\t\tEjendom\t\t\t\t\t\t\t\t\t\t\t<\/div>\r\n\t\t\t\t\t\t\t\t\t\t\t\t\t\t\t\t\t\t\t\t\t<\/div><!-- taxonomy-text-wrap -->\r\n\t\t\t\t\t\t\t\t\t<\/a>\r\n\t\t\t\t\t\t\t\t<\/div>\r\n\t\t\t\t\t\t\t<\/div>\r\n\t\t\t\t\t\t<\/div>\r\n\r\n\t\t\t\t\t\t\t\t\t\t\t\t<div class=\"col-lg-6 col-md-12\">\r\n            \t\t\t\t<div class=\"taxonomy-item-rectangle\">\r\n\t\t\t\t\t\t\t\t<div class=\"taxonomy-item \" style=\"background-image: url(https:\/\/royalhomealanya.com\/wp-content\/uploads\/2024\/02\/location-area-alanya-hacet.jpg);\">\r\n\t\t\t\t\t\t\t\t\t<a class=\"taxonomy-link hover-effect-flat\" href=\"https:\/\/royalhomealanya.com\/da\/area\/hacet\/\">\r\n\t\t\t\t\t\t\t\t\t\t<div class=\"taxonomy-text-wrap\">\r\n\t\t\t\t\t\t\t\t\t\t\t<div class=\"taxonomy-title\">Hacet<\/div>\r\n\t\t\t\t\t\t\t\t\t\t\t\r\n\t\t\t\t\t\t\t\t\t\t\t\t\t\t\t\t\t\t\t\t\t\t<div class=\"taxonomy-subtitle\">\r\n\t\t\t\t\t\t\t\t\t\t\t\t0 \r\n\t\t\t\t\t\t\t\t\t\t\t\tEjendom\t\t\t\t\t\t\t\t\t\t\t<\/div>\r\n\t\t\t\t\t\t\t\t\t\t\t\t\t\t\t\t\t\t\t\t\t<\/div><!-- taxonomy-text-wrap -->\r\n\t\t\t\t\t\t\t\t\t<\/a>\r\n\t\t\t\t\t\t\t\t<\/div>\r\n\t\t\t\t\t\t\t<\/div>\r\n\t\t\t\t\t\t<\/div>\r\n\r\n\t\t\t\t\t\t\t\t\t\t\t\t<div class=\"col-lg-6 col-md-12\">\r\n            \t\t\t\t<div class=\"taxonomy-item-rectangle\">\r\n\t\t\t\t\t\t\t\t<div class=\"taxonomy-item \" style=\"background-image: url(https:\/\/royalhomealanya.com\/wp-content\/uploads\/2024\/02\/location-area-alanya-hasbahce.jpg);\">\r\n\t\t\t\t\t\t\t\t\t<a class=\"taxonomy-link hover-effect-flat\" href=\"https:\/\/royalhomealanya.com\/da\/area\/hasbahce\/\">\r\n\t\t\t\t\t\t\t\t\t\t<div class=\"taxonomy-text-wrap\">\r\n\t\t\t\t\t\t\t\t\t\t\t<div class=\"taxonomy-title\">Hasbah\u00e7e<\/div>\r\n\t\t\t\t\t\t\t\t\t\t\t\r\n\t\t\t\t\t\t\t\t\t\t\t\t\t\t\t\t\t\t\t\t\t\t<div class=\"taxonomy-subtitle\">\r\n\t\t\t\t\t\t\t\t\t\t\t\t0 \r\n\t\t\t\t\t\t\t\t\t\t\t\tEjendom\t\t\t\t\t\t\t\t\t\t\t<\/div>\r\n\t\t\t\t\t\t\t\t\t\t\t\t\t\t\t\t\t\t\t\t\t<\/div><!-- taxonomy-text-wrap -->\r\n\t\t\t\t\t\t\t\t\t<\/a>\r\n\t\t\t\t\t\t\t\t<\/div>\r\n\t\t\t\t\t\t\t<\/div>\r\n\t\t\t\t\t\t<\/div>\r\n\r\n\t\t\t\t\t\t\t\t\t\t\t\t<div class=\"col-lg-3 col-md-6 col-sm-6\">\r\n            \t\t\t\t<div class=\"taxonomy-item-square\">\r\n\t\t\t\t\t\t\t\t<div class=\"taxonomy-item \" style=\"background-image: url(https:\/\/royalhomealanya.com\/wp-content\/uploads\/2024\/02\/location-area-alanya-incekum.jpg);\">\r\n\t\t\t\t\t\t\t\t\t<a class=\"taxonomy-link hover-effect-flat\" href=\"https:\/\/royalhomealanya.com\/da\/area\/incekum\/\">\r\n\t\t\t\t\t\t\t\t\t\t<div class=\"taxonomy-text-wrap\">\r\n\t\t\t\t\t\t\t\t\t\t\t<div class=\"taxonomy-title\">\u0130ncekum<\/div>\r\n\t\t\t\t\t\t\t\t\t\t\t\r\n\t\t\t\t\t\t\t\t\t\t\t\t\t\t\t\t\t\t\t\t\t\t<div class=\"taxonomy-subtitle\">\r\n\t\t\t\t\t\t\t\t\t\t\t\t0 \r\n\t\t\t\t\t\t\t\t\t\t\t\tEjendom\t\t\t\t\t\t\t\t\t\t\t<\/div>\r\n\t\t\t\t\t\t\t\t\t\t\t\t\t\t\t\t\t\t\t\t\t<\/div><!-- taxonomy-text-wrap -->\r\n\t\t\t\t\t\t\t\t\t<\/a>\r\n\t\t\t\t\t\t\t\t<\/div>\r\n\t\t\t\t\t\t\t<\/div>\r\n\t\t\t\t\t\t<\/div>\r\n\r\n\t\t\t\t\t\t\t\t\t\t\t\t<div class=\"col-lg-3 col-md-6 col-sm-6\">\r\n            \t\t\t\t<div class=\"taxonomy-item-square\">\r\n\t\t\t\t\t\t\t\t<div class=\"taxonomy-item \" style=\"background-image: url(https:\/\/royalhomealanya.com\/wp-content\/uploads\/2024\/01\/kargicak-area.jpg);\">\r\n\t\t\t\t\t\t\t\t\t<a class=\"taxonomy-link hover-effect-flat\" href=\"https:\/\/royalhomealanya.com\/da\/area\/kargicak\/\">\r\n\t\t\t\t\t\t\t\t\t\t<div class=\"taxonomy-text-wrap\">\r\n\t\t\t\t\t\t\t\t\t\t\t<div class=\"taxonomy-title\">Karg\u0131cak<\/div>\r\n\t\t\t\t\t\t\t\t\t\t\t\r\n\t\t\t\t\t\t\t\t\t\t\t\t\t\t\t\t\t\t\t\t\t\t<div class=\"taxonomy-subtitle\">\r\n\t\t\t\t\t\t\t\t\t\t\t\t0 \r\n\t\t\t\t\t\t\t\t\t\t\t\tEjendom\t\t\t\t\t\t\t\t\t\t\t<\/div>\r\n\t\t\t\t\t\t\t\t\t\t\t\t\t\t\t\t\t\t\t\t\t<\/div><!-- taxonomy-text-wrap -->\r\n\t\t\t\t\t\t\t\t\t<\/a>\r\n\t\t\t\t\t\t\t\t<\/div>\r\n\t\t\t\t\t\t\t<\/div>\r\n\t\t\t\t\t\t<\/div>\r\n\r\n\t\t\t\t\t\t\t\t\t\t\t\t<div class=\"col-lg-3 col-md-6 col-sm-6\">\r\n            \t\t\t\t<div class=\"taxonomy-item-square\">\r\n\t\t\t\t\t\t\t\t<div class=\"taxonomy-item \" style=\"background-image: url(https:\/\/royalhomealanya.com\/wp-content\/uploads\/2024\/02\/location-area-alanya-yesiloz.jpg);\">\r\n\t\t\t\t\t\t\t\t\t<a class=\"taxonomy-link hover-effect-flat\" href=\"https:\/\/royalhomealanya.com\/da\/area\/yesiloz\/\">\r\n\t\t\t\t\t\t\t\t\t\t<div class=\"taxonomy-text-wrap\">\r\n\t\t\t\t\t\t\t\t\t\t\t<div class=\"taxonomy-title\">Ye\u015fil\u00f6z<\/div>\r\n\t\t\t\t\t\t\t\t\t\t\t\r\n\t\t\t\t\t\t\t\t\t\t\t\t\t\t\t\t\t\t\t\t\t\t<div class=\"taxonomy-subtitle\">\r\n\t\t\t\t\t\t\t\t\t\t\t\t0 \r\n\t\t\t\t\t\t\t\t\t\t\t\tEjendom\t\t\t\t\t\t\t\t\t\t\t<\/div>\r\n\t\t\t\t\t\t\t\t\t\t\t\t\t\t\t\t\t\t\t\t\t<\/div><!-- taxonomy-text-wrap -->\r\n\t\t\t\t\t\t\t\t\t<\/a>\r\n\t\t\t\t\t\t\t\t<\/div>\r\n\t\t\t\t\t\t\t<\/div>\r\n\t\t\t\t\t\t<\/div>\r\n\r\n\t\t\t\t\t\t\t\t\t<\/div>\r\n\t\t<\/div>\r\n\t\t\t\t\t\t<\/div>\n\t\t\t\t<\/div>\n\t\t\t\t\t<\/div>\n\t\t<\/div>\n\t\t\t\t\t<\/div>\n\t\t<\/section>\n\t\t\t\t<\/div>\n\t\t","protected":false},"excerpt":{"rendered":"<p>Popul\u00e6re Steder S\u00f8g Din Ejendom Efter Omr\u00e5der. Lad vores boligk\u00f8bsr\u00e5dgivere hj\u00e6lpe dig med at finde det perfekte sted til dit n\u00e6ste hjem. Vi kan tilbyde dybdeg\u00e5ende indsigt og vurderinger af ejendommen, der opfylder dine behov. K\u0131zlarp\u0131nar\u0131 2 Ejendomme Bekta\u015f 2 Ejendomme Tosmur 2 Ejendomme Cikcilli 1 Ejendom Karg\u0131cak 1 Ejendom Mahmutlar 1 Ejendom Oba 1 [&hellip;]<\/p>\n","protected":false},"author":1,"featured_media":0,"parent":0,"menu_order":0,"comment_status":"closed","ping_status":"closed","template":"elementor_header_footer","meta":{"footnotes":""},"class_list":["post-20310","page","type-page","status-publish","hentry"],"_links":{"self":[{"href":"https:\/\/royalhomealanya.com\/da\/wp-json\/wp\/v2\/pages\/20310","targetHints":{"allow":["GET"]}}],"collection":[{"href":"https:\/\/royalhomealanya.com\/da\/wp-json\/wp\/v2\/pages"}],"about":[{"href":"https:\/\/royalhomealanya.com\/da\/wp-json\/wp\/v2\/types\/page"}],"author":[{"embeddable":true,"href":"https:\/\/royalhomealanya.com\/da\/wp-json\/wp\/v2\/users\/1"}],"replies":[{"embeddable":true,"href":"https:\/\/royalhomealanya.com\/da\/wp-json\/wp\/v2\/comments?post=20310"}],"version-history":[{"count":19,"href":"https:\/\/royalhomealanya.com\/da\/wp-json\/wp\/v2\/pages\/20310\/revisions"}],"predecessor-version":[{"id":20377,"href":"https:\/\/royalhomealanya.com\/da\/wp-json\/wp\/v2\/pages\/20310\/revisions\/20377"}],"wp:attachment":[{"href":"https:\/\/royalhomealanya.com\/da\/wp-json\/wp\/v2\/media?parent=20310"}],"curies":[{"name":"wp","href":"https:\/\/api.w.org\/{rel}","templated":true}]}}