
{"id":16650,"date":"2020-02-24T22:15:15","date_gmt":"2020-02-24T22:15:15","guid":{"rendered":"https:\/\/demo27.houzez.co\/?page_id=16650"},"modified":"2024-12-23T12:39:16","modified_gmt":"2024-12-23T12:39:16","slug":"about","status":"publish","type":"page","link":"https:\/\/royalhomealanya.com\/da\/about\/","title":{"rendered":"About"},"content":{"rendered":"\t\t<div data-elementor-type=\"wp-page\" data-elementor-id=\"16650\" class=\"elementor elementor-16650\" data-elementor-post-type=\"page\">\n\t\t\t\t\t\t<section class=\"elementor-section elementor-top-section elementor-element elementor-element-d649580 elementor-section-boxed elementor-section-height-default elementor-section-height-default\" data-id=\"d649580\" data-element_type=\"section\" data-settings=\"{&quot;background_background&quot;:&quot;classic&quot;}\">\n\t\t\t\t\t\t<div class=\"elementor-container elementor-column-gap-default\">\n\t\t\t\t\t<div class=\"elementor-column elementor-col-33 elementor-top-column elementor-element elementor-element-9bfb727\" data-id=\"9bfb727\" data-element_type=\"column\">\n\t\t\t<div class=\"elementor-widget-wrap\">\n\t\t\t\t\t\t\t<\/div>\n\t\t<\/div>\n\t\t\t\t<div class=\"elementor-column elementor-col-33 elementor-top-column elementor-element elementor-element-fa04a76\" data-id=\"fa04a76\" data-element_type=\"column\">\n\t\t\t<div class=\"elementor-widget-wrap elementor-element-populated\">\n\t\t\t\t\t\t<div class=\"elementor-element elementor-element-cc2648d elementor-widget elementor-widget-heading\" data-id=\"cc2648d\" data-element_type=\"widget\" data-widget_type=\"heading.default\">\n\t\t\t\t<div class=\"elementor-widget-container\">\n\t\t\t\t\t<h2 class=\"elementor-heading-title elementor-size-default\">OM OS<\/h2>\t\t\t\t<\/div>\n\t\t\t\t<\/div>\n\t\t\t\t\t<\/div>\n\t\t<\/div>\n\t\t\t\t<div class=\"elementor-column elementor-col-33 elementor-top-column elementor-element elementor-element-5f69919\" data-id=\"5f69919\" data-element_type=\"column\">\n\t\t\t<div class=\"elementor-widget-wrap\">\n\t\t\t\t\t\t\t<\/div>\n\t\t<\/div>\n\t\t\t\t\t<\/div>\n\t\t<\/section>\n\t\t\t\t<section class=\"elementor-section elementor-top-section elementor-element elementor-element-5cd73203 elementor-reverse-mobile elementor-section-boxed elementor-section-height-default elementor-section-height-default\" data-id=\"5cd73203\" data-element_type=\"section\" data-settings=\"{&quot;background_background&quot;:&quot;classic&quot;}\">\n\t\t\t\t\t\t<div class=\"elementor-container elementor-column-gap-default\">\n\t\t\t\t\t<div class=\"elementor-column elementor-col-50 elementor-top-column elementor-element elementor-element-790e4f4\" data-id=\"790e4f4\" data-element_type=\"column\">\n\t\t\t<div class=\"elementor-widget-wrap elementor-element-populated\">\n\t\t\t\t\t\t<section class=\"elementor-section elementor-inner-section elementor-element elementor-element-1cf0ad69 elementor-section-boxed elementor-section-height-default elementor-section-height-default\" data-id=\"1cf0ad69\" data-element_type=\"section\">\n\t\t\t\t\t\t<div class=\"elementor-container elementor-column-gap-default\">\n\t\t\t\t\t<div class=\"elementor-column elementor-col-100 elementor-inner-column elementor-element elementor-element-47b41c0f elementor-invisible\" data-id=\"47b41c0f\" data-element_type=\"column\" data-settings=\"{&quot;animation&quot;:&quot;fadeInUp&quot;}\">\n\t\t\t<div class=\"elementor-widget-wrap elementor-element-populated\">\n\t\t\t\t\t\t<div class=\"elementor-element elementor-element-60b2add8 elementor-invisible elementor-widget elementor-widget-image\" data-id=\"60b2add8\" data-element_type=\"widget\" data-settings=\"{&quot;_animation&quot;:&quot;fadeInUp&quot;}\" data-widget_type=\"image.default\">\n\t\t\t\t<div class=\"elementor-widget-container\">\n\t\t\t\t\t\t\t\t\t\t\t\t\t\t\t<img fetchpriority=\"high\" decoding=\"async\" width=\"362\" height=\"731\" src=\"https:\/\/royalhomealanya.com\/wp-content\/uploads\/2023\/12\/flag-royal-home-black.png\" class=\"attachment-full size-full wp-image-19778\" alt=\"\" srcset=\"https:\/\/royalhomealanya.com\/wp-content\/uploads\/2023\/12\/flag-royal-home-black.png 362w, https:\/\/royalhomealanya.com\/wp-content\/uploads\/2023\/12\/flag-royal-home-black-149x300.png 149w, https:\/\/royalhomealanya.com\/wp-content\/uploads\/2023\/12\/flag-royal-home-black-6x12.png 6w, https:\/\/royalhomealanya.com\/wp-content\/uploads\/2023\/12\/flag-royal-home-black-297x600.png 297w\" sizes=\"(max-width: 362px) 100vw, 362px\" \/>\t\t\t\t\t\t\t\t\t\t\t\t\t\t\t<\/div>\n\t\t\t\t<\/div>\n\t\t\t\t\t<\/div>\n\t\t<\/div>\n\t\t\t\t\t<\/div>\n\t\t<\/section>\n\t\t\t\t\t<\/div>\n\t\t<\/div>\n\t\t\t\t<div class=\"elementor-column elementor-col-50 elementor-top-column elementor-element elementor-element-36ed9b7b elementor-invisible\" data-id=\"36ed9b7b\" data-element_type=\"column\" data-settings=\"{&quot;animation&quot;:&quot;fadeInRight&quot;}\">\n\t\t\t<div class=\"elementor-widget-wrap elementor-element-populated\">\n\t\t\t\t\t\t<div class=\"elementor-element elementor-element-17066e5 elementor-widget elementor-widget-heading\" data-id=\"17066e5\" data-element_type=\"widget\" data-widget_type=\"heading.default\">\n\t\t\t\t<div class=\"elementor-widget-container\">\n\t\t\t\t\t<h2 class=\"elementor-heading-title elementor-size-default\">royal Home Alanya<\/h2>\t\t\t\t<\/div>\n\t\t\t\t<\/div>\n\t\t\t\t<div class=\"elementor-element elementor-element-4ebc35b8 elementor-widget elementor-widget-text-editor\" data-id=\"4ebc35b8\" data-element_type=\"widget\" data-widget_type=\"text-editor.default\">\n\t\t\t\t<div class=\"elementor-widget-container\">\n\t\t\t\t\t\t\t\t\t<p>Velkommen til Royal Home Alanya<\/p><p>Hos Royal Home Alanya er vi dedikerede til at levere f\u00f8rsteklasses ejendomsservice til vores kunder. Med speciale i ejendomstransaktioner i Alanya og Antalya best\u00e5r vores team af erfarne ejendomsm\u00e6glere med dyb indsigt i det lokale marked.<\/p><p>Vi forst\u00e5r, at k\u00f8b eller salg af ejendom kan v\u00e6re en kompleks og til tider overv\u00e6ldende proces. Derfor arbejder vi t\u00e6t sammen med vores kunder for at sikre en problemfri og succesfuld transaktion.<\/p><p>Kommunikation er en kernev\u00e6rdi hos Royal Home Alanya. Vi holder dig informeret gennem hele processen og st\u00e5r altid klar til at besvare sp\u00f8rgsm\u00e5l eller h\u00e5ndtere eventuelle bekymringer.<\/p><p>Uanset om du er f\u00f8rstegangsk\u00f8ber, erfaren investor eller s\u00e6lger med fokus p\u00e5 den bedst mulige pris, har vi den n\u00f8dvendige ekspertise og de rette ressourcer til at hj\u00e6lpe dig med at n\u00e5 dine m\u00e5l.<\/p><p>Tak, fordi du overvejer Royal Home Alanya til dine ejendomsbehov. Vi ser frem til at samarbejde med dig og hj\u00e6lpe dig med at realisere dine boligdr\u00f8mme.<\/p>\t\t\t\t\t\t\t\t<\/div>\n\t\t\t\t<\/div>\n\t\t\t\t\t<\/div>\n\t\t<\/div>\n\t\t\t\t\t<\/div>\n\t\t<\/section>\n\t\t\t\t<\/div>\n\t\t","protected":false},"excerpt":{"rendered":"<p>OM OS royal Home Alanya Velkommen til Royal Home Alanya Hos Royal Home Alanya er vi dedikerede til at levere f\u00f8rsteklasses ejendomsservice til vores kunder. Med speciale i ejendomstransaktioner i Alanya og Antalya best\u00e5r vores team af erfarne ejendomsm\u00e6glere med dyb indsigt i det lokale marked. Vi forst\u00e5r, at k\u00f8b eller salg af ejendom kan [&hellip;]<\/p>\n","protected":false},"author":1,"featured_media":0,"parent":0,"menu_order":0,"comment_status":"closed","ping_status":"closed","template":"template\/template-homepage.php","meta":{"footnotes":""},"class_list":["post-16650","page","type-page","status-publish","hentry"],"_links":{"self":[{"href":"https:\/\/royalhomealanya.com\/da\/wp-json\/wp\/v2\/pages\/16650","targetHints":{"allow":["GET"]}}],"collection":[{"href":"https:\/\/royalhomealanya.com\/da\/wp-json\/wp\/v2\/pages"}],"about":[{"href":"https:\/\/royalhomealanya.com\/da\/wp-json\/wp\/v2\/types\/page"}],"author":[{"embeddable":true,"href":"https:\/\/royalhomealanya.com\/da\/wp-json\/wp\/v2\/users\/1"}],"replies":[{"embeddable":true,"href":"https:\/\/royalhomealanya.com\/da\/wp-json\/wp\/v2\/comments?post=16650"}],"version-history":[{"count":81,"href":"https:\/\/royalhomealanya.com\/da\/wp-json\/wp\/v2\/pages\/16650\/revisions"}],"predecessor-version":[{"id":22058,"href":"https:\/\/royalhomealanya.com\/da\/wp-json\/wp\/v2\/pages\/16650\/revisions\/22058"}],"wp:attachment":[{"href":"https:\/\/royalhomealanya.com\/da\/wp-json\/wp\/v2\/media?parent=16650"}],"curies":[{"name":"wp","href":"https:\/\/api.w.org\/{rel}","templated":true}]}}